{"id":943,"date":"2023-01-30T10:07:31","date_gmt":"2023-01-30T10:07:31","guid":{"rendered":"https:\/\/mfpartners.hu\/expertise\/szerzodesek-elkeszitese-velemenyezese\/"},"modified":"2023-01-30T15:12:42","modified_gmt":"2023-01-30T15:12:42","slug":"drafting-and-reviewing-contracts","status":"publish","type":"page","link":"https:\/\/mfpartners.hu\/en\/expertise\/drafting-and-reviewing-contracts\/","title":{"rendered":"Drafting and reviewing contracts"},"content":{"rendered":"<p>Due to our firm\u2019s corporate law profile, our team deals on a daily basis with a wide variety of contracts arising from business operations.<\/p>\n<p>In drafting contracts, we strive to understand the business process behind each contract and the objective the parties seek to achieve. We identify the risks inherent in the contracts and thereby enable our clients to decide whether or not the risks should be taken.<\/p>\n<p>Our aim is to support the operations of our clients by drafting contracts that protect their interests and avoid disputes.<\/p>\n<h2>Our law firm specialises in drafting and reviewing the following contracts:<\/h2>\n<ul>\n<li>Contracts of sale<\/li>\n<li>Service contracts and contracts for works, labour and materials<\/li>\n<li>Lease contracts<\/li>\n<li>Distribution contracts<\/li>\n<li>Cooperation agreements<\/li>\n<li>Advertising contracts<\/li>\n<li>Software agreements and licence agreements<\/li>\n<li>Vehicle fleet management contracts<\/li>\n<li>Procurement contracts, energy supply contracts<\/li>\n<\/ul>\n","protected":false},"excerpt":{"rendered":"<p>Due to our firm\u2019s corporate law profile, our team deals on a daily basis with a wide variety of contracts [&hellip;]<\/p>\n","protected":false},"author":1,"featured_media":0,"parent":435,"menu_order":0,"comment_status":"closed","ping_status":"closed","template":"template-parts\/page-speciality.php","meta":{"_acf_changed":false,"footnotes":""},"class_list":["post-943","page","type-page","status-publish","hentry"],"acf":[],"yoast_head":"<!-- This site is optimized with the Yoast SEO plugin v26.8 - https:\/\/yoast.com\/product\/yoast-seo-wordpress\/ -->\n<title>Drafting and reviewing contracts - Mar\u00e1czi, Fellegi &amp; T\u00e1rsai \u00dcgyv\u00e9di Iroda<\/title>\n<meta name=\"robots\" content=\"index, follow, max-snippet:-1, max-image-preview:large, max-video-preview:-1\" \/>\n<link rel=\"canonical\" href=\"https:\/\/mfpartners.hu\/en\/expertise\/drafting-and-reviewing-contracts\/\" \/>\n<meta property=\"og:locale\" content=\"en_US\" \/>\n<meta property=\"og:type\" content=\"article\" \/>\n<meta property=\"og:title\" content=\"Drafting and reviewing contracts - Mar\u00e1czi, Fellegi &amp; T\u00e1rsai \u00dcgyv\u00e9di Iroda\" \/>\n<meta property=\"og:description\" content=\"Due to our firm\u2019s corporate law profile, our team deals on a daily basis with a wide variety of contracts [&hellip;]\" \/>\n<meta property=\"og:url\" content=\"https:\/\/mfpartners.hu\/en\/expertise\/drafting-and-reviewing-contracts\/\" \/>\n<meta property=\"og:site_name\" content=\"Mar\u00e1czi, Fellegi &amp; T\u00e1rsai \u00dcgyv\u00e9di Iroda\" \/>\n<meta property=\"article:publisher\" content=\"https:\/\/www.facebook.com\/mfpartnerslawfirm\/\" \/>\n<meta property=\"article:modified_time\" content=\"2023-01-30T15:12:42+00:00\" \/>\n<meta property=\"og:image\" content=\"https:\/\/mfpartners.hu\/wp-content\/uploads\/2022\/04\/MFP_logo1_HU_kicsi.jpg\" \/>\n\t<meta property=\"og:image:width\" content=\"200\" \/>\n\t<meta property=\"og:image:height\" content=\"200\" \/>\n\t<meta property=\"og:image:type\" content=\"image\/jpeg\" \/>\n<meta name=\"twitter:card\" content=\"summary_large_image\" \/>\n<meta name=\"twitter:label1\" content=\"Est. reading time\" \/>\n\t<meta name=\"twitter:data1\" content=\"1 minute\" \/>\n<script type=\"application\/ld+json\" class=\"yoast-schema-graph\">{\"@context\":\"https:\/\/schema.org\",\"@graph\":[{\"@type\":\"WebPage\",\"@id\":\"https:\/\/mfpartners.hu\/en\/expertise\/drafting-and-reviewing-contracts\/\",\"url\":\"https:\/\/mfpartners.hu\/en\/expertise\/drafting-and-reviewing-contracts\/\",\"name\":\"Drafting and reviewing contracts - Mar\u00e1czi, Fellegi &amp; T\u00e1rsai \u00dcgyv\u00e9di Iroda\",\"isPartOf\":{\"@id\":\"https:\/\/mfpartners.hu\/#website\"},\"datePublished\":\"2023-01-30T10:07:31+00:00\",\"dateModified\":\"2023-01-30T15:12:42+00:00\",\"breadcrumb\":{\"@id\":\"https:\/\/mfpartners.hu\/en\/expertise\/drafting-and-reviewing-contracts\/#breadcrumb\"},\"inLanguage\":\"en-US\",\"potentialAction\":[{\"@type\":\"ReadAction\",\"target\":[\"https:\/\/mfpartners.hu\/en\/expertise\/drafting-and-reviewing-contracts\/\"]}]},{\"@type\":\"BreadcrumbList\",\"@id\":\"https:\/\/mfpartners.hu\/en\/expertise\/drafting-and-reviewing-contracts\/#breadcrumb\",\"itemListElement\":[{\"@type\":\"ListItem\",\"position\":1,\"name\":\"Kezd\u0151lap\",\"item\":\"https:\/\/mfpartners.hu\/en\/\"},{\"@type\":\"ListItem\",\"position\":2,\"name\":\"Expertise\",\"item\":\"https:\/\/mfpartners.hu\/en\/expertise\/\"},{\"@type\":\"ListItem\",\"position\":3,\"name\":\"Drafting and reviewing contracts\"}]},{\"@type\":\"WebSite\",\"@id\":\"https:\/\/mfpartners.hu\/#website\",\"url\":\"https:\/\/mfpartners.hu\/\",\"name\":\"Mar\u00e1czi, Fellegi &amp; T\u00e1rsai \u00dcgyv\u00e9di Iroda\",\"description\":\"Irod\u00e1nk f\u0151 profilja a k\u00f6z\u00e9p- \u00e9s nagyv\u00e1llalkoz\u00e1sok r\u00e9sz\u00e9re ny\u00fajtott \u00fcgyv\u00e9di szolg\u00e1ltat\u00e1s.\",\"publisher\":{\"@id\":\"https:\/\/mfpartners.hu\/#organization\"},\"potentialAction\":[{\"@type\":\"SearchAction\",\"target\":{\"@type\":\"EntryPoint\",\"urlTemplate\":\"https:\/\/mfpartners.hu\/?s={search_term_string}\"},\"query-input\":{\"@type\":\"PropertyValueSpecification\",\"valueRequired\":true,\"valueName\":\"search_term_string\"}}],\"inLanguage\":\"en-US\"},{\"@type\":\"Organization\",\"@id\":\"https:\/\/mfpartners.hu\/#organization\",\"name\":\"Mar\u00e1czi, Fellegi & T\u00e1rsai \u00fcgyv\u00e9di iroda\",\"url\":\"https:\/\/mfpartners.hu\/\",\"logo\":{\"@type\":\"ImageObject\",\"inLanguage\":\"en-US\",\"@id\":\"https:\/\/mfpartners.hu\/#\/schema\/logo\/image\/\",\"url\":\"https:\/\/mfpartners.hu\/wp-content\/uploads\/2021\/09\/logo-HU.png\",\"contentUrl\":\"https:\/\/mfpartners.hu\/wp-content\/uploads\/2021\/09\/logo-HU.png\",\"width\":285,\"height\":62,\"caption\":\"Mar\u00e1czi, Fellegi & T\u00e1rsai \u00fcgyv\u00e9di iroda\"},\"image\":{\"@id\":\"https:\/\/mfpartners.hu\/#\/schema\/logo\/image\/\"},\"sameAs\":[\"https:\/\/www.facebook.com\/mfpartnerslawfirm\/\"]}]}<\/script>\n<!-- \/ Yoast SEO plugin. -->","yoast_head_json":{"title":"Drafting and reviewing contracts - Mar\u00e1czi, Fellegi &amp; T\u00e1rsai \u00dcgyv\u00e9di Iroda","robots":{"index":"index","follow":"follow","max-snippet":"max-snippet:-1","max-image-preview":"max-image-preview:large","max-video-preview":"max-video-preview:-1"},"canonical":"https:\/\/mfpartners.hu\/en\/expertise\/drafting-and-reviewing-contracts\/","og_locale":"en_US","og_type":"article","og_title":"Drafting and reviewing contracts - Mar\u00e1czi, Fellegi &amp; T\u00e1rsai \u00dcgyv\u00e9di Iroda","og_description":"Due to our firm\u2019s corporate law profile, our team deals on a daily basis with a wide variety of contracts [&hellip;]","og_url":"https:\/\/mfpartners.hu\/en\/expertise\/drafting-and-reviewing-contracts\/","og_site_name":"Mar\u00e1czi, Fellegi &amp; T\u00e1rsai \u00dcgyv\u00e9di Iroda","article_publisher":"https:\/\/www.facebook.com\/mfpartnerslawfirm\/","article_modified_time":"2023-01-30T15:12:42+00:00","og_image":[{"width":200,"height":200,"url":"https:\/\/mfpartners.hu\/wp-content\/uploads\/2022\/04\/MFP_logo1_HU_kicsi.jpg","type":"image\/jpeg"}],"twitter_card":"summary_large_image","twitter_misc":{"Est. reading time":"1 minute"},"schema":{"@context":"https:\/\/schema.org","@graph":[{"@type":"WebPage","@id":"https:\/\/mfpartners.hu\/en\/expertise\/drafting-and-reviewing-contracts\/","url":"https:\/\/mfpartners.hu\/en\/expertise\/drafting-and-reviewing-contracts\/","name":"Drafting and reviewing contracts - Mar\u00e1czi, Fellegi &amp; T\u00e1rsai \u00dcgyv\u00e9di Iroda","isPartOf":{"@id":"https:\/\/mfpartners.hu\/#website"},"datePublished":"2023-01-30T10:07:31+00:00","dateModified":"2023-01-30T15:12:42+00:00","breadcrumb":{"@id":"https:\/\/mfpartners.hu\/en\/expertise\/drafting-and-reviewing-contracts\/#breadcrumb"},"inLanguage":"en-US","potentialAction":[{"@type":"ReadAction","target":["https:\/\/mfpartners.hu\/en\/expertise\/drafting-and-reviewing-contracts\/"]}]},{"@type":"BreadcrumbList","@id":"https:\/\/mfpartners.hu\/en\/expertise\/drafting-and-reviewing-contracts\/#breadcrumb","itemListElement":[{"@type":"ListItem","position":1,"name":"Kezd\u0151lap","item":"https:\/\/mfpartners.hu\/en\/"},{"@type":"ListItem","position":2,"name":"Expertise","item":"https:\/\/mfpartners.hu\/en\/expertise\/"},{"@type":"ListItem","position":3,"name":"Drafting and reviewing contracts"}]},{"@type":"WebSite","@id":"https:\/\/mfpartners.hu\/#website","url":"https:\/\/mfpartners.hu\/","name":"Mar\u00e1czi, Fellegi &amp; T\u00e1rsai \u00dcgyv\u00e9di Iroda","description":"Irod\u00e1nk f\u0151 profilja a k\u00f6z\u00e9p- \u00e9s nagyv\u00e1llalkoz\u00e1sok r\u00e9sz\u00e9re ny\u00fajtott \u00fcgyv\u00e9di szolg\u00e1ltat\u00e1s.","publisher":{"@id":"https:\/\/mfpartners.hu\/#organization"},"potentialAction":[{"@type":"SearchAction","target":{"@type":"EntryPoint","urlTemplate":"https:\/\/mfpartners.hu\/?s={search_term_string}"},"query-input":{"@type":"PropertyValueSpecification","valueRequired":true,"valueName":"search_term_string"}}],"inLanguage":"en-US"},{"@type":"Organization","@id":"https:\/\/mfpartners.hu\/#organization","name":"Mar\u00e1czi, Fellegi & T\u00e1rsai \u00fcgyv\u00e9di iroda","url":"https:\/\/mfpartners.hu\/","logo":{"@type":"ImageObject","inLanguage":"en-US","@id":"https:\/\/mfpartners.hu\/#\/schema\/logo\/image\/","url":"https:\/\/mfpartners.hu\/wp-content\/uploads\/2021\/09\/logo-HU.png","contentUrl":"https:\/\/mfpartners.hu\/wp-content\/uploads\/2021\/09\/logo-HU.png","width":285,"height":62,"caption":"Mar\u00e1czi, Fellegi & T\u00e1rsai \u00fcgyv\u00e9di iroda"},"image":{"@id":"https:\/\/mfpartners.hu\/#\/schema\/logo\/image\/"},"sameAs":["https:\/\/www.facebook.com\/mfpartnerslawfirm\/"]}]}},"_links":{"self":[{"href":"https:\/\/mfpartners.hu\/en\/wp-json\/wp\/v2\/pages\/943","targetHints":{"allow":["GET"]}}],"collection":[{"href":"https:\/\/mfpartners.hu\/en\/wp-json\/wp\/v2\/pages"}],"about":[{"href":"https:\/\/mfpartners.hu\/en\/wp-json\/wp\/v2\/types\/page"}],"author":[{"embeddable":true,"href":"https:\/\/mfpartners.hu\/en\/wp-json\/wp\/v2\/users\/1"}],"replies":[{"embeddable":true,"href":"https:\/\/mfpartners.hu\/en\/wp-json\/wp\/v2\/comments?post=943"}],"version-history":[{"count":3,"href":"https:\/\/mfpartners.hu\/en\/wp-json\/wp\/v2\/pages\/943\/revisions"}],"predecessor-version":[{"id":961,"href":"https:\/\/mfpartners.hu\/en\/wp-json\/wp\/v2\/pages\/943\/revisions\/961"}],"up":[{"embeddable":true,"href":"https:\/\/mfpartners.hu\/en\/wp-json\/wp\/v2\/pages\/435"}],"wp:attachment":[{"href":"https:\/\/mfpartners.hu\/en\/wp-json\/wp\/v2\/media?parent=943"}],"curies":[{"name":"wp","href":"https:\/\/api.w.org\/{rel}","templated":true}]}}