{"id":941,"date":"2023-01-30T10:04:49","date_gmt":"2023-01-30T10:04:49","guid":{"rendered":"https:\/\/mfpartners.hu\/expertise\/peres-kepviselet\/"},"modified":"2023-02-15T08:20:51","modified_gmt":"2023-02-15T08:20:51","slug":"litigation","status":"publish","type":"page","link":"https:\/\/mfpartners.hu\/en\/expertise\/litigation\/","title":{"rendered":"Litigation"},"content":{"rendered":"<p>Prior to litigation, we devote considerable attention to finding out and understanding the facts and reasons lying behind disputes. We explain to clients the means of asserting their claims, the potential outcomes of proceedings and the chances of success. Our goal is to find the most effective way for clients to pursue their claim. On request, we provide support in reaching a settlement of the dispute out of court and in other extrajudicial dispute resolution procedures.<\/p>\n<p>If the dispute becomes litigious, we represent clients before the courts. Our firm has successfully concluded a number of high-value cases, both for plaintiffs and defendants.<\/p>\n<p>We deal with warranty and guarantee claims, indemnity, product liability and employment claims and litigation as well as building claims and situations requiring expert evidence.<\/p>\n<h2>In the field of litigation, our law firm specialises in the following services:<\/h2>\n<ul>\n<li>Representing clients in out-of-court settlements and pre-court assertions of claims<\/li>\n<li>Representation and support in conciliation and arbitration proceedings<\/li>\n<li>Assisting in order for payment procedures preceding litigation<\/li>\n<li>Assistance in providing expert evidence<\/li>\n<li>Classic representation of clients in court in civil, commercial and administrative proceedings<\/li>\n<li>Litigation and related non-contentious representation in cases involving labour, Health Insurance Fund reimbursement, expropriation, passing off, non-conforming performance, warranty, guarantee, product liability, settlement, debt recovery, ownership and possession of immovable property.<\/li>\n<li>Assisting in enforcing final judgments by legal means (injunction, enforcement proceedings, winding-up proceedings)<\/li>\n<\/ul>\n","protected":false},"excerpt":{"rendered":"<p>Prior to litigation, we devote considerable attention to finding out and understanding the facts and reasons lying behind disputes. We [&hellip;]<\/p>\n","protected":false},"author":1,"featured_media":0,"parent":435,"menu_order":0,"comment_status":"closed","ping_status":"closed","template":"template-parts\/page-speciality.php","meta":{"_acf_changed":false,"footnotes":""},"class_list":["post-941","page","type-page","status-publish","hentry"],"acf":[],"yoast_head":"<!-- This site is optimized with the Yoast SEO plugin v26.8 - https:\/\/yoast.com\/product\/yoast-seo-wordpress\/ -->\n<title>Litigation - Mar\u00e1czi, Fellegi &amp; T\u00e1rsai \u00dcgyv\u00e9di Iroda<\/title>\n<meta name=\"robots\" content=\"index, follow, max-snippet:-1, max-image-preview:large, max-video-preview:-1\" \/>\n<link rel=\"canonical\" href=\"https:\/\/mfpartners.hu\/en\/expertise\/litigation\/\" \/>\n<meta property=\"og:locale\" content=\"en_US\" \/>\n<meta property=\"og:type\" content=\"article\" \/>\n<meta property=\"og:title\" content=\"Litigation - Mar\u00e1czi, Fellegi &amp; T\u00e1rsai \u00dcgyv\u00e9di Iroda\" \/>\n<meta property=\"og:description\" content=\"Prior to litigation, we devote considerable attention to finding out and understanding the facts and reasons lying behind disputes. We [&hellip;]\" \/>\n<meta property=\"og:url\" content=\"https:\/\/mfpartners.hu\/en\/expertise\/litigation\/\" \/>\n<meta property=\"og:site_name\" content=\"Mar\u00e1czi, Fellegi &amp; T\u00e1rsai \u00dcgyv\u00e9di Iroda\" \/>\n<meta property=\"article:publisher\" content=\"https:\/\/www.facebook.com\/mfpartnerslawfirm\/\" \/>\n<meta property=\"article:modified_time\" content=\"2023-02-15T08:20:51+00:00\" \/>\n<meta property=\"og:image\" content=\"https:\/\/mfpartners.hu\/wp-content\/uploads\/2022\/04\/MFP_logo1_HU_kicsi.jpg\" \/>\n\t<meta property=\"og:image:width\" content=\"200\" \/>\n\t<meta property=\"og:image:height\" content=\"200\" \/>\n\t<meta property=\"og:image:type\" content=\"image\/jpeg\" \/>\n<meta name=\"twitter:card\" content=\"summary_large_image\" \/>\n<meta name=\"twitter:label1\" content=\"Est. reading time\" \/>\n\t<meta name=\"twitter:data1\" content=\"2 minutes\" \/>\n<script type=\"application\/ld+json\" class=\"yoast-schema-graph\">{\"@context\":\"https:\/\/schema.org\",\"@graph\":[{\"@type\":\"WebPage\",\"@id\":\"https:\/\/mfpartners.hu\/en\/expertise\/litigation\/\",\"url\":\"https:\/\/mfpartners.hu\/en\/expertise\/litigation\/\",\"name\":\"Litigation - Mar\u00e1czi, Fellegi &amp; T\u00e1rsai \u00dcgyv\u00e9di Iroda\",\"isPartOf\":{\"@id\":\"https:\/\/mfpartners.hu\/#website\"},\"datePublished\":\"2023-01-30T10:04:49+00:00\",\"dateModified\":\"2023-02-15T08:20:51+00:00\",\"breadcrumb\":{\"@id\":\"https:\/\/mfpartners.hu\/en\/expertise\/litigation\/#breadcrumb\"},\"inLanguage\":\"en-US\",\"potentialAction\":[{\"@type\":\"ReadAction\",\"target\":[\"https:\/\/mfpartners.hu\/en\/expertise\/litigation\/\"]}]},{\"@type\":\"BreadcrumbList\",\"@id\":\"https:\/\/mfpartners.hu\/en\/expertise\/litigation\/#breadcrumb\",\"itemListElement\":[{\"@type\":\"ListItem\",\"position\":1,\"name\":\"Kezd\u0151lap\",\"item\":\"https:\/\/mfpartners.hu\/en\/\"},{\"@type\":\"ListItem\",\"position\":2,\"name\":\"Expertise\",\"item\":\"https:\/\/mfpartners.hu\/en\/expertise\/\"},{\"@type\":\"ListItem\",\"position\":3,\"name\":\"Litigation\"}]},{\"@type\":\"WebSite\",\"@id\":\"https:\/\/mfpartners.hu\/#website\",\"url\":\"https:\/\/mfpartners.hu\/\",\"name\":\"Mar\u00e1czi, Fellegi &amp; T\u00e1rsai \u00dcgyv\u00e9di Iroda\",\"description\":\"Irod\u00e1nk f\u0151 profilja a k\u00f6z\u00e9p- \u00e9s nagyv\u00e1llalkoz\u00e1sok r\u00e9sz\u00e9re ny\u00fajtott \u00fcgyv\u00e9di szolg\u00e1ltat\u00e1s.\",\"publisher\":{\"@id\":\"https:\/\/mfpartners.hu\/#organization\"},\"potentialAction\":[{\"@type\":\"SearchAction\",\"target\":{\"@type\":\"EntryPoint\",\"urlTemplate\":\"https:\/\/mfpartners.hu\/?s={search_term_string}\"},\"query-input\":{\"@type\":\"PropertyValueSpecification\",\"valueRequired\":true,\"valueName\":\"search_term_string\"}}],\"inLanguage\":\"en-US\"},{\"@type\":\"Organization\",\"@id\":\"https:\/\/mfpartners.hu\/#organization\",\"name\":\"Mar\u00e1czi, Fellegi & T\u00e1rsai \u00fcgyv\u00e9di iroda\",\"url\":\"https:\/\/mfpartners.hu\/\",\"logo\":{\"@type\":\"ImageObject\",\"inLanguage\":\"en-US\",\"@id\":\"https:\/\/mfpartners.hu\/#\/schema\/logo\/image\/\",\"url\":\"https:\/\/mfpartners.hu\/wp-content\/uploads\/2021\/09\/logo-HU.png\",\"contentUrl\":\"https:\/\/mfpartners.hu\/wp-content\/uploads\/2021\/09\/logo-HU.png\",\"width\":285,\"height\":62,\"caption\":\"Mar\u00e1czi, Fellegi & T\u00e1rsai \u00fcgyv\u00e9di iroda\"},\"image\":{\"@id\":\"https:\/\/mfpartners.hu\/#\/schema\/logo\/image\/\"},\"sameAs\":[\"https:\/\/www.facebook.com\/mfpartnerslawfirm\/\"]}]}<\/script>\n<!-- \/ Yoast SEO plugin. -->","yoast_head_json":{"title":"Litigation - Mar\u00e1czi, Fellegi &amp; T\u00e1rsai \u00dcgyv\u00e9di Iroda","robots":{"index":"index","follow":"follow","max-snippet":"max-snippet:-1","max-image-preview":"max-image-preview:large","max-video-preview":"max-video-preview:-1"},"canonical":"https:\/\/mfpartners.hu\/en\/expertise\/litigation\/","og_locale":"en_US","og_type":"article","og_title":"Litigation - Mar\u00e1czi, Fellegi &amp; T\u00e1rsai \u00dcgyv\u00e9di Iroda","og_description":"Prior to litigation, we devote considerable attention to finding out and understanding the facts and reasons lying behind disputes. We [&hellip;]","og_url":"https:\/\/mfpartners.hu\/en\/expertise\/litigation\/","og_site_name":"Mar\u00e1czi, Fellegi &amp; T\u00e1rsai \u00dcgyv\u00e9di Iroda","article_publisher":"https:\/\/www.facebook.com\/mfpartnerslawfirm\/","article_modified_time":"2023-02-15T08:20:51+00:00","og_image":[{"width":200,"height":200,"url":"https:\/\/mfpartners.hu\/wp-content\/uploads\/2022\/04\/MFP_logo1_HU_kicsi.jpg","type":"image\/jpeg"}],"twitter_card":"summary_large_image","twitter_misc":{"Est. reading time":"2 minutes"},"schema":{"@context":"https:\/\/schema.org","@graph":[{"@type":"WebPage","@id":"https:\/\/mfpartners.hu\/en\/expertise\/litigation\/","url":"https:\/\/mfpartners.hu\/en\/expertise\/litigation\/","name":"Litigation - Mar\u00e1czi, Fellegi &amp; T\u00e1rsai \u00dcgyv\u00e9di Iroda","isPartOf":{"@id":"https:\/\/mfpartners.hu\/#website"},"datePublished":"2023-01-30T10:04:49+00:00","dateModified":"2023-02-15T08:20:51+00:00","breadcrumb":{"@id":"https:\/\/mfpartners.hu\/en\/expertise\/litigation\/#breadcrumb"},"inLanguage":"en-US","potentialAction":[{"@type":"ReadAction","target":["https:\/\/mfpartners.hu\/en\/expertise\/litigation\/"]}]},{"@type":"BreadcrumbList","@id":"https:\/\/mfpartners.hu\/en\/expertise\/litigation\/#breadcrumb","itemListElement":[{"@type":"ListItem","position":1,"name":"Kezd\u0151lap","item":"https:\/\/mfpartners.hu\/en\/"},{"@type":"ListItem","position":2,"name":"Expertise","item":"https:\/\/mfpartners.hu\/en\/expertise\/"},{"@type":"ListItem","position":3,"name":"Litigation"}]},{"@type":"WebSite","@id":"https:\/\/mfpartners.hu\/#website","url":"https:\/\/mfpartners.hu\/","name":"Mar\u00e1czi, Fellegi &amp; T\u00e1rsai \u00dcgyv\u00e9di Iroda","description":"Irod\u00e1nk f\u0151 profilja a k\u00f6z\u00e9p- \u00e9s nagyv\u00e1llalkoz\u00e1sok r\u00e9sz\u00e9re ny\u00fajtott \u00fcgyv\u00e9di szolg\u00e1ltat\u00e1s.","publisher":{"@id":"https:\/\/mfpartners.hu\/#organization"},"potentialAction":[{"@type":"SearchAction","target":{"@type":"EntryPoint","urlTemplate":"https:\/\/mfpartners.hu\/?s={search_term_string}"},"query-input":{"@type":"PropertyValueSpecification","valueRequired":true,"valueName":"search_term_string"}}],"inLanguage":"en-US"},{"@type":"Organization","@id":"https:\/\/mfpartners.hu\/#organization","name":"Mar\u00e1czi, Fellegi & T\u00e1rsai \u00fcgyv\u00e9di iroda","url":"https:\/\/mfpartners.hu\/","logo":{"@type":"ImageObject","inLanguage":"en-US","@id":"https:\/\/mfpartners.hu\/#\/schema\/logo\/image\/","url":"https:\/\/mfpartners.hu\/wp-content\/uploads\/2021\/09\/logo-HU.png","contentUrl":"https:\/\/mfpartners.hu\/wp-content\/uploads\/2021\/09\/logo-HU.png","width":285,"height":62,"caption":"Mar\u00e1czi, Fellegi & T\u00e1rsai \u00fcgyv\u00e9di iroda"},"image":{"@id":"https:\/\/mfpartners.hu\/#\/schema\/logo\/image\/"},"sameAs":["https:\/\/www.facebook.com\/mfpartnerslawfirm\/"]}]}},"_links":{"self":[{"href":"https:\/\/mfpartners.hu\/en\/wp-json\/wp\/v2\/pages\/941","targetHints":{"allow":["GET"]}}],"collection":[{"href":"https:\/\/mfpartners.hu\/en\/wp-json\/wp\/v2\/pages"}],"about":[{"href":"https:\/\/mfpartners.hu\/en\/wp-json\/wp\/v2\/types\/page"}],"author":[{"embeddable":true,"href":"https:\/\/mfpartners.hu\/en\/wp-json\/wp\/v2\/users\/1"}],"replies":[{"embeddable":true,"href":"https:\/\/mfpartners.hu\/en\/wp-json\/wp\/v2\/comments?post=941"}],"version-history":[{"count":3,"href":"https:\/\/mfpartners.hu\/en\/wp-json\/wp\/v2\/pages\/941\/revisions"}],"predecessor-version":[{"id":984,"href":"https:\/\/mfpartners.hu\/en\/wp-json\/wp\/v2\/pages\/941\/revisions\/984"}],"up":[{"embeddable":true,"href":"https:\/\/mfpartners.hu\/en\/wp-json\/wp\/v2\/pages\/435"}],"wp:attachment":[{"href":"https:\/\/mfpartners.hu\/en\/wp-json\/wp\/v2\/media?parent=941"}],"curies":[{"name":"wp","href":"https:\/\/api.w.org\/{rel}","templated":true}]}}