{"id":937,"date":"2023-01-30T09:57:00","date_gmt":"2023-01-30T09:57:00","guid":{"rendered":"https:\/\/mfpartners.hu\/expertise\/kovetelesbehajtas\/"},"modified":"2023-01-30T10:43:56","modified_gmt":"2023-01-30T10:43:56","slug":"debt-recovery","status":"publish","type":"page","link":"https:\/\/mfpartners.hu\/en\/expertise\/debt-recovery\/","title":{"rendered":"Debt recovery"},"content":{"rendered":"<p>Dealing with outstanding debts begins with writing good underlying contracts. If the debtor is solvent, the creditor\u2019s position is greatly enhanced by a well-written contract.<\/p>\n<p>We endeavour to protect our clients from years of costly litigation with uncertain outcomes, to resolve disputes as swiftly as possible, to choose an effective means of recovery and, where possible, to reach a settlement.<\/p>\n<p>When a claim arises, we ask the client for the background, clarify the pertinent facts and the legal basis and value of the claim, and identify the necessary legal action.<\/p>\n<p>We participate in sending letters of formal notice, in payment order and litigation proceedings, in submitting winding-up petitions and in enforcement proceedings. We also aid clients in voluntary liquidation proceedings.<\/p>\n<h2>In the field of debt recovery, our law firm specialises in the following services:<\/h2>\n<ul>\n<li>Assisting in the assessment and evaluation of the client\u2019s claims portfolio<\/li>\n<li>Preparing reports to the auditor on the claims portfolio<\/li>\n<li>Representing and supporting the client in debt recovery negotiations<\/li>\n<li>Preparing and sending payment notices to debtors<\/li>\n<li>Employment litigation<\/li>\n<li>Actions for the reimbursement of healthcare benefits<\/li>\n<li>Warranty lawsuits<\/li>\n<li>Civil litigation<\/li>\n<li>Expropriation cases<\/li>\n<li>Initiating order for payment procedures<\/li>\n<li>Representation in enforcement proceedings<\/li>\n<li>Representation in winding-up proceedings<\/li>\n<\/ul>\n","protected":false},"excerpt":{"rendered":"<p>Dealing with outstanding debts begins with writing good underlying contracts. If the debtor is solvent, the creditor\u2019s position is greatly [&hellip;]<\/p>\n","protected":false},"author":1,"featured_media":0,"parent":435,"menu_order":0,"comment_status":"closed","ping_status":"closed","template":"template-parts\/page-speciality.php","meta":{"_acf_changed":false,"footnotes":""},"class_list":["post-937","page","type-page","status-publish","hentry"],"acf":[],"yoast_head":"<!-- This site is optimized with the Yoast SEO plugin v26.8 - https:\/\/yoast.com\/product\/yoast-seo-wordpress\/ -->\n<title>Debt recovery - Mar\u00e1czi, Fellegi &amp; T\u00e1rsai \u00dcgyv\u00e9di Iroda<\/title>\n<meta name=\"robots\" content=\"index, follow, max-snippet:-1, max-image-preview:large, max-video-preview:-1\" \/>\n<link rel=\"canonical\" href=\"https:\/\/mfpartners.hu\/en\/expertise\/debt-recovery\/\" \/>\n<meta property=\"og:locale\" content=\"en_US\" \/>\n<meta property=\"og:type\" content=\"article\" \/>\n<meta property=\"og:title\" content=\"Debt recovery - Mar\u00e1czi, Fellegi &amp; T\u00e1rsai \u00dcgyv\u00e9di Iroda\" \/>\n<meta property=\"og:description\" content=\"Dealing with outstanding debts begins with writing good underlying contracts. If the debtor is solvent, the creditor\u2019s position is greatly [&hellip;]\" \/>\n<meta property=\"og:url\" content=\"https:\/\/mfpartners.hu\/en\/expertise\/debt-recovery\/\" \/>\n<meta property=\"og:site_name\" content=\"Mar\u00e1czi, Fellegi &amp; T\u00e1rsai \u00dcgyv\u00e9di Iroda\" \/>\n<meta property=\"article:publisher\" content=\"https:\/\/www.facebook.com\/mfpartnerslawfirm\/\" \/>\n<meta property=\"article:modified_time\" content=\"2023-01-30T10:43:56+00:00\" \/>\n<meta property=\"og:image\" content=\"https:\/\/mfpartners.hu\/wp-content\/uploads\/2022\/04\/MFP_logo1_HU_kicsi.jpg\" \/>\n\t<meta property=\"og:image:width\" content=\"200\" \/>\n\t<meta property=\"og:image:height\" content=\"200\" \/>\n\t<meta property=\"og:image:type\" content=\"image\/jpeg\" \/>\n<meta name=\"twitter:card\" content=\"summary_large_image\" \/>\n<meta name=\"twitter:label1\" content=\"Est. reading time\" \/>\n\t<meta name=\"twitter:data1\" content=\"2 minutes\" \/>\n<script type=\"application\/ld+json\" class=\"yoast-schema-graph\">{\"@context\":\"https:\/\/schema.org\",\"@graph\":[{\"@type\":\"WebPage\",\"@id\":\"https:\/\/mfpartners.hu\/en\/expertise\/debt-recovery\/\",\"url\":\"https:\/\/mfpartners.hu\/en\/expertise\/debt-recovery\/\",\"name\":\"Debt recovery - Mar\u00e1czi, Fellegi &amp; T\u00e1rsai \u00dcgyv\u00e9di Iroda\",\"isPartOf\":{\"@id\":\"https:\/\/mfpartners.hu\/#website\"},\"datePublished\":\"2023-01-30T09:57:00+00:00\",\"dateModified\":\"2023-01-30T10:43:56+00:00\",\"breadcrumb\":{\"@id\":\"https:\/\/mfpartners.hu\/en\/expertise\/debt-recovery\/#breadcrumb\"},\"inLanguage\":\"en-US\",\"potentialAction\":[{\"@type\":\"ReadAction\",\"target\":[\"https:\/\/mfpartners.hu\/en\/expertise\/debt-recovery\/\"]}]},{\"@type\":\"BreadcrumbList\",\"@id\":\"https:\/\/mfpartners.hu\/en\/expertise\/debt-recovery\/#breadcrumb\",\"itemListElement\":[{\"@type\":\"ListItem\",\"position\":1,\"name\":\"Kezd\u0151lap\",\"item\":\"https:\/\/mfpartners.hu\/en\/\"},{\"@type\":\"ListItem\",\"position\":2,\"name\":\"Expertise\",\"item\":\"https:\/\/mfpartners.hu\/en\/expertise\/\"},{\"@type\":\"ListItem\",\"position\":3,\"name\":\"Debt recovery\"}]},{\"@type\":\"WebSite\",\"@id\":\"https:\/\/mfpartners.hu\/#website\",\"url\":\"https:\/\/mfpartners.hu\/\",\"name\":\"Mar\u00e1czi, Fellegi &amp; T\u00e1rsai \u00dcgyv\u00e9di Iroda\",\"description\":\"Irod\u00e1nk f\u0151 profilja a k\u00f6z\u00e9p- \u00e9s nagyv\u00e1llalkoz\u00e1sok r\u00e9sz\u00e9re ny\u00fajtott \u00fcgyv\u00e9di szolg\u00e1ltat\u00e1s.\",\"publisher\":{\"@id\":\"https:\/\/mfpartners.hu\/#organization\"},\"potentialAction\":[{\"@type\":\"SearchAction\",\"target\":{\"@type\":\"EntryPoint\",\"urlTemplate\":\"https:\/\/mfpartners.hu\/?s={search_term_string}\"},\"query-input\":{\"@type\":\"PropertyValueSpecification\",\"valueRequired\":true,\"valueName\":\"search_term_string\"}}],\"inLanguage\":\"en-US\"},{\"@type\":\"Organization\",\"@id\":\"https:\/\/mfpartners.hu\/#organization\",\"name\":\"Mar\u00e1czi, Fellegi & T\u00e1rsai \u00fcgyv\u00e9di iroda\",\"url\":\"https:\/\/mfpartners.hu\/\",\"logo\":{\"@type\":\"ImageObject\",\"inLanguage\":\"en-US\",\"@id\":\"https:\/\/mfpartners.hu\/#\/schema\/logo\/image\/\",\"url\":\"https:\/\/mfpartners.hu\/wp-content\/uploads\/2021\/09\/logo-HU.png\",\"contentUrl\":\"https:\/\/mfpartners.hu\/wp-content\/uploads\/2021\/09\/logo-HU.png\",\"width\":285,\"height\":62,\"caption\":\"Mar\u00e1czi, Fellegi & T\u00e1rsai \u00fcgyv\u00e9di iroda\"},\"image\":{\"@id\":\"https:\/\/mfpartners.hu\/#\/schema\/logo\/image\/\"},\"sameAs\":[\"https:\/\/www.facebook.com\/mfpartnerslawfirm\/\"]}]}<\/script>\n<!-- \/ Yoast SEO plugin. -->","yoast_head_json":{"title":"Debt recovery - Mar\u00e1czi, Fellegi &amp; T\u00e1rsai \u00dcgyv\u00e9di Iroda","robots":{"index":"index","follow":"follow","max-snippet":"max-snippet:-1","max-image-preview":"max-image-preview:large","max-video-preview":"max-video-preview:-1"},"canonical":"https:\/\/mfpartners.hu\/en\/expertise\/debt-recovery\/","og_locale":"en_US","og_type":"article","og_title":"Debt recovery - Mar\u00e1czi, Fellegi &amp; T\u00e1rsai \u00dcgyv\u00e9di Iroda","og_description":"Dealing with outstanding debts begins with writing good underlying contracts. If the debtor is solvent, the creditor\u2019s position is greatly [&hellip;]","og_url":"https:\/\/mfpartners.hu\/en\/expertise\/debt-recovery\/","og_site_name":"Mar\u00e1czi, Fellegi &amp; T\u00e1rsai \u00dcgyv\u00e9di Iroda","article_publisher":"https:\/\/www.facebook.com\/mfpartnerslawfirm\/","article_modified_time":"2023-01-30T10:43:56+00:00","og_image":[{"width":200,"height":200,"url":"https:\/\/mfpartners.hu\/wp-content\/uploads\/2022\/04\/MFP_logo1_HU_kicsi.jpg","type":"image\/jpeg"}],"twitter_card":"summary_large_image","twitter_misc":{"Est. reading time":"2 minutes"},"schema":{"@context":"https:\/\/schema.org","@graph":[{"@type":"WebPage","@id":"https:\/\/mfpartners.hu\/en\/expertise\/debt-recovery\/","url":"https:\/\/mfpartners.hu\/en\/expertise\/debt-recovery\/","name":"Debt recovery - Mar\u00e1czi, Fellegi &amp; T\u00e1rsai \u00dcgyv\u00e9di Iroda","isPartOf":{"@id":"https:\/\/mfpartners.hu\/#website"},"datePublished":"2023-01-30T09:57:00+00:00","dateModified":"2023-01-30T10:43:56+00:00","breadcrumb":{"@id":"https:\/\/mfpartners.hu\/en\/expertise\/debt-recovery\/#breadcrumb"},"inLanguage":"en-US","potentialAction":[{"@type":"ReadAction","target":["https:\/\/mfpartners.hu\/en\/expertise\/debt-recovery\/"]}]},{"@type":"BreadcrumbList","@id":"https:\/\/mfpartners.hu\/en\/expertise\/debt-recovery\/#breadcrumb","itemListElement":[{"@type":"ListItem","position":1,"name":"Kezd\u0151lap","item":"https:\/\/mfpartners.hu\/en\/"},{"@type":"ListItem","position":2,"name":"Expertise","item":"https:\/\/mfpartners.hu\/en\/expertise\/"},{"@type":"ListItem","position":3,"name":"Debt recovery"}]},{"@type":"WebSite","@id":"https:\/\/mfpartners.hu\/#website","url":"https:\/\/mfpartners.hu\/","name":"Mar\u00e1czi, Fellegi &amp; T\u00e1rsai \u00dcgyv\u00e9di Iroda","description":"Irod\u00e1nk f\u0151 profilja a k\u00f6z\u00e9p- \u00e9s nagyv\u00e1llalkoz\u00e1sok r\u00e9sz\u00e9re ny\u00fajtott \u00fcgyv\u00e9di szolg\u00e1ltat\u00e1s.","publisher":{"@id":"https:\/\/mfpartners.hu\/#organization"},"potentialAction":[{"@type":"SearchAction","target":{"@type":"EntryPoint","urlTemplate":"https:\/\/mfpartners.hu\/?s={search_term_string}"},"query-input":{"@type":"PropertyValueSpecification","valueRequired":true,"valueName":"search_term_string"}}],"inLanguage":"en-US"},{"@type":"Organization","@id":"https:\/\/mfpartners.hu\/#organization","name":"Mar\u00e1czi, Fellegi & T\u00e1rsai \u00fcgyv\u00e9di iroda","url":"https:\/\/mfpartners.hu\/","logo":{"@type":"ImageObject","inLanguage":"en-US","@id":"https:\/\/mfpartners.hu\/#\/schema\/logo\/image\/","url":"https:\/\/mfpartners.hu\/wp-content\/uploads\/2021\/09\/logo-HU.png","contentUrl":"https:\/\/mfpartners.hu\/wp-content\/uploads\/2021\/09\/logo-HU.png","width":285,"height":62,"caption":"Mar\u00e1czi, Fellegi & T\u00e1rsai \u00fcgyv\u00e9di iroda"},"image":{"@id":"https:\/\/mfpartners.hu\/#\/schema\/logo\/image\/"},"sameAs":["https:\/\/www.facebook.com\/mfpartnerslawfirm\/"]}]}},"_links":{"self":[{"href":"https:\/\/mfpartners.hu\/en\/wp-json\/wp\/v2\/pages\/937","targetHints":{"allow":["GET"]}}],"collection":[{"href":"https:\/\/mfpartners.hu\/en\/wp-json\/wp\/v2\/pages"}],"about":[{"href":"https:\/\/mfpartners.hu\/en\/wp-json\/wp\/v2\/types\/page"}],"author":[{"embeddable":true,"href":"https:\/\/mfpartners.hu\/en\/wp-json\/wp\/v2\/users\/1"}],"replies":[{"embeddable":true,"href":"https:\/\/mfpartners.hu\/en\/wp-json\/wp\/v2\/comments?post=937"}],"version-history":[{"count":1,"href":"https:\/\/mfpartners.hu\/en\/wp-json\/wp\/v2\/pages\/937\/revisions"}],"predecessor-version":[{"id":938,"href":"https:\/\/mfpartners.hu\/en\/wp-json\/wp\/v2\/pages\/937\/revisions\/938"}],"up":[{"embeddable":true,"href":"https:\/\/mfpartners.hu\/en\/wp-json\/wp\/v2\/pages\/435"}],"wp:attachment":[{"href":"https:\/\/mfpartners.hu\/en\/wp-json\/wp\/v2\/media?parent=937"}],"curies":[{"name":"wp","href":"https:\/\/api.w.org\/{rel}","templated":true}]}}