{"id":934,"date":"2023-01-30T09:55:01","date_gmt":"2023-01-30T09:55:01","guid":{"rendered":"https:\/\/mfpartners.hu\/expertise\/kereskedelmi-jog-e-kereskedelem\/"},"modified":"2023-01-30T10:42:01","modified_gmt":"2023-01-30T10:42:01","slug":"commercial-law-e-commerce","status":"publish","type":"page","link":"https:\/\/mfpartners.hu\/en\/expertise\/commercial-law-e-commerce\/","title":{"rendered":"Commercial law, e-commerce"},"content":{"rendered":"<p>One of the firm\u2019s key activities is legal work on product sales and service contract schemes. In view of the rise of electronic commerce, an ever larger part of our commercial legal work involves tasks related to electronic contracting, including the drafting and reviewing of general terms and conditions (GTC) and privacy notices for various online platforms.<\/p>\n<p>Apart from drawing up contracts, GTCs and other related documents, we provide support for our clients in making conceptual and strategic decisions. In related areas of law, such as consumer protection, competition law and data protection, we assist in the development of legal compliance. We take part in business negotiations and, when required, also assist with project management tasks.<\/p>\n<p>We have considerable sectoral experience of the construction industry, having participated in the development of the sales schemes of several Hungarian companies involved in manufacturing building materials.<\/p>\n<h2>In the field of commercial law and e-commerce, our law firm specialises in the following services:<\/h2>\n<ul>\n<li>Drafting and reviewing commercial contract schemes<\/li>\n<li>Drafting and reviewing domestic and international contracts for product sales and services<\/li>\n<li>Drafting and reviewing agency, distribution and transport contracts<\/li>\n<li>Classifying commercial decisions from the points of view of consumer protection, competition and data protection<\/li>\n<li>Legal support for the development and regulation of commercial processes<\/li>\n<li>Giving opinions on contractual guarantees<\/li>\n<li>Drafting and reviewing GTCs for online platforms, electronic contracts and related privacy notices<\/li>\n<li>Giving opinions on websites and online stores from aspects of civil law, consumer protection and data protection<\/li>\n<\/ul>\n","protected":false},"excerpt":{"rendered":"<p>One of the firm\u2019s key activities is legal work on product sales and service contract schemes. In view of the [&hellip;]<\/p>\n","protected":false},"author":1,"featured_media":0,"parent":435,"menu_order":0,"comment_status":"closed","ping_status":"closed","template":"template-parts\/page-speciality.php","meta":{"_acf_changed":false,"footnotes":""},"class_list":["post-934","page","type-page","status-publish","hentry"],"acf":[],"yoast_head":"<!-- This site is optimized with the Yoast SEO plugin v26.8 - https:\/\/yoast.com\/product\/yoast-seo-wordpress\/ -->\n<title>Commercial law, e-commerce - Mar\u00e1czi, Fellegi &amp; T\u00e1rsai \u00dcgyv\u00e9di Iroda<\/title>\n<meta name=\"robots\" content=\"index, follow, max-snippet:-1, max-image-preview:large, max-video-preview:-1\" \/>\n<link rel=\"canonical\" href=\"https:\/\/mfpartners.hu\/en\/expertise\/commercial-law-e-commerce\/\" \/>\n<meta property=\"og:locale\" content=\"en_US\" \/>\n<meta property=\"og:type\" content=\"article\" \/>\n<meta property=\"og:title\" content=\"Commercial law, e-commerce - Mar\u00e1czi, Fellegi &amp; T\u00e1rsai \u00dcgyv\u00e9di Iroda\" \/>\n<meta property=\"og:description\" content=\"One of the firm\u2019s key activities is legal work on product sales and service contract schemes. In view of the [&hellip;]\" \/>\n<meta property=\"og:url\" content=\"https:\/\/mfpartners.hu\/en\/expertise\/commercial-law-e-commerce\/\" \/>\n<meta property=\"og:site_name\" content=\"Mar\u00e1czi, Fellegi &amp; T\u00e1rsai \u00dcgyv\u00e9di Iroda\" \/>\n<meta property=\"article:publisher\" content=\"https:\/\/www.facebook.com\/mfpartnerslawfirm\/\" \/>\n<meta property=\"article:modified_time\" content=\"2023-01-30T10:42:01+00:00\" \/>\n<meta property=\"og:image\" content=\"https:\/\/mfpartners.hu\/wp-content\/uploads\/2022\/04\/MFP_logo1_HU_kicsi.jpg\" \/>\n\t<meta property=\"og:image:width\" content=\"200\" \/>\n\t<meta property=\"og:image:height\" content=\"200\" \/>\n\t<meta property=\"og:image:type\" content=\"image\/jpeg\" \/>\n<meta name=\"twitter:card\" content=\"summary_large_image\" \/>\n<meta name=\"twitter:label1\" content=\"Est. reading time\" \/>\n\t<meta name=\"twitter:data1\" content=\"2 minutes\" \/>\n<script type=\"application\/ld+json\" class=\"yoast-schema-graph\">{\"@context\":\"https:\/\/schema.org\",\"@graph\":[{\"@type\":\"WebPage\",\"@id\":\"https:\/\/mfpartners.hu\/en\/expertise\/commercial-law-e-commerce\/\",\"url\":\"https:\/\/mfpartners.hu\/en\/expertise\/commercial-law-e-commerce\/\",\"name\":\"Commercial law, e-commerce - Mar\u00e1czi, Fellegi &amp; T\u00e1rsai \u00dcgyv\u00e9di Iroda\",\"isPartOf\":{\"@id\":\"https:\/\/mfpartners.hu\/#website\"},\"datePublished\":\"2023-01-30T09:55:01+00:00\",\"dateModified\":\"2023-01-30T10:42:01+00:00\",\"breadcrumb\":{\"@id\":\"https:\/\/mfpartners.hu\/en\/expertise\/commercial-law-e-commerce\/#breadcrumb\"},\"inLanguage\":\"en-US\",\"potentialAction\":[{\"@type\":\"ReadAction\",\"target\":[\"https:\/\/mfpartners.hu\/en\/expertise\/commercial-law-e-commerce\/\"]}]},{\"@type\":\"BreadcrumbList\",\"@id\":\"https:\/\/mfpartners.hu\/en\/expertise\/commercial-law-e-commerce\/#breadcrumb\",\"itemListElement\":[{\"@type\":\"ListItem\",\"position\":1,\"name\":\"Kezd\u0151lap\",\"item\":\"https:\/\/mfpartners.hu\/en\/\"},{\"@type\":\"ListItem\",\"position\":2,\"name\":\"Expertise\",\"item\":\"https:\/\/mfpartners.hu\/en\/expertise\/\"},{\"@type\":\"ListItem\",\"position\":3,\"name\":\"Commercial law, e-commerce\"}]},{\"@type\":\"WebSite\",\"@id\":\"https:\/\/mfpartners.hu\/#website\",\"url\":\"https:\/\/mfpartners.hu\/\",\"name\":\"Mar\u00e1czi, Fellegi &amp; T\u00e1rsai \u00dcgyv\u00e9di Iroda\",\"description\":\"Irod\u00e1nk f\u0151 profilja a k\u00f6z\u00e9p- \u00e9s nagyv\u00e1llalkoz\u00e1sok r\u00e9sz\u00e9re ny\u00fajtott \u00fcgyv\u00e9di szolg\u00e1ltat\u00e1s.\",\"publisher\":{\"@id\":\"https:\/\/mfpartners.hu\/#organization\"},\"potentialAction\":[{\"@type\":\"SearchAction\",\"target\":{\"@type\":\"EntryPoint\",\"urlTemplate\":\"https:\/\/mfpartners.hu\/?s={search_term_string}\"},\"query-input\":{\"@type\":\"PropertyValueSpecification\",\"valueRequired\":true,\"valueName\":\"search_term_string\"}}],\"inLanguage\":\"en-US\"},{\"@type\":\"Organization\",\"@id\":\"https:\/\/mfpartners.hu\/#organization\",\"name\":\"Mar\u00e1czi, Fellegi & T\u00e1rsai \u00fcgyv\u00e9di iroda\",\"url\":\"https:\/\/mfpartners.hu\/\",\"logo\":{\"@type\":\"ImageObject\",\"inLanguage\":\"en-US\",\"@id\":\"https:\/\/mfpartners.hu\/#\/schema\/logo\/image\/\",\"url\":\"https:\/\/mfpartners.hu\/wp-content\/uploads\/2021\/09\/logo-HU.png\",\"contentUrl\":\"https:\/\/mfpartners.hu\/wp-content\/uploads\/2021\/09\/logo-HU.png\",\"width\":285,\"height\":62,\"caption\":\"Mar\u00e1czi, Fellegi & T\u00e1rsai \u00fcgyv\u00e9di iroda\"},\"image\":{\"@id\":\"https:\/\/mfpartners.hu\/#\/schema\/logo\/image\/\"},\"sameAs\":[\"https:\/\/www.facebook.com\/mfpartnerslawfirm\/\"]}]}<\/script>\n<!-- \/ Yoast SEO plugin. -->","yoast_head_json":{"title":"Commercial law, e-commerce - Mar\u00e1czi, Fellegi &amp; T\u00e1rsai \u00dcgyv\u00e9di Iroda","robots":{"index":"index","follow":"follow","max-snippet":"max-snippet:-1","max-image-preview":"max-image-preview:large","max-video-preview":"max-video-preview:-1"},"canonical":"https:\/\/mfpartners.hu\/en\/expertise\/commercial-law-e-commerce\/","og_locale":"en_US","og_type":"article","og_title":"Commercial law, e-commerce - Mar\u00e1czi, Fellegi &amp; T\u00e1rsai \u00dcgyv\u00e9di Iroda","og_description":"One of the firm\u2019s key activities is legal work on product sales and service contract schemes. In view of the [&hellip;]","og_url":"https:\/\/mfpartners.hu\/en\/expertise\/commercial-law-e-commerce\/","og_site_name":"Mar\u00e1czi, Fellegi &amp; T\u00e1rsai \u00dcgyv\u00e9di Iroda","article_publisher":"https:\/\/www.facebook.com\/mfpartnerslawfirm\/","article_modified_time":"2023-01-30T10:42:01+00:00","og_image":[{"width":200,"height":200,"url":"https:\/\/mfpartners.hu\/wp-content\/uploads\/2022\/04\/MFP_logo1_HU_kicsi.jpg","type":"image\/jpeg"}],"twitter_card":"summary_large_image","twitter_misc":{"Est. reading time":"2 minutes"},"schema":{"@context":"https:\/\/schema.org","@graph":[{"@type":"WebPage","@id":"https:\/\/mfpartners.hu\/en\/expertise\/commercial-law-e-commerce\/","url":"https:\/\/mfpartners.hu\/en\/expertise\/commercial-law-e-commerce\/","name":"Commercial law, e-commerce - Mar\u00e1czi, Fellegi &amp; T\u00e1rsai \u00dcgyv\u00e9di Iroda","isPartOf":{"@id":"https:\/\/mfpartners.hu\/#website"},"datePublished":"2023-01-30T09:55:01+00:00","dateModified":"2023-01-30T10:42:01+00:00","breadcrumb":{"@id":"https:\/\/mfpartners.hu\/en\/expertise\/commercial-law-e-commerce\/#breadcrumb"},"inLanguage":"en-US","potentialAction":[{"@type":"ReadAction","target":["https:\/\/mfpartners.hu\/en\/expertise\/commercial-law-e-commerce\/"]}]},{"@type":"BreadcrumbList","@id":"https:\/\/mfpartners.hu\/en\/expertise\/commercial-law-e-commerce\/#breadcrumb","itemListElement":[{"@type":"ListItem","position":1,"name":"Kezd\u0151lap","item":"https:\/\/mfpartners.hu\/en\/"},{"@type":"ListItem","position":2,"name":"Expertise","item":"https:\/\/mfpartners.hu\/en\/expertise\/"},{"@type":"ListItem","position":3,"name":"Commercial law, e-commerce"}]},{"@type":"WebSite","@id":"https:\/\/mfpartners.hu\/#website","url":"https:\/\/mfpartners.hu\/","name":"Mar\u00e1czi, Fellegi &amp; T\u00e1rsai \u00dcgyv\u00e9di Iroda","description":"Irod\u00e1nk f\u0151 profilja a k\u00f6z\u00e9p- \u00e9s nagyv\u00e1llalkoz\u00e1sok r\u00e9sz\u00e9re ny\u00fajtott \u00fcgyv\u00e9di szolg\u00e1ltat\u00e1s.","publisher":{"@id":"https:\/\/mfpartners.hu\/#organization"},"potentialAction":[{"@type":"SearchAction","target":{"@type":"EntryPoint","urlTemplate":"https:\/\/mfpartners.hu\/?s={search_term_string}"},"query-input":{"@type":"PropertyValueSpecification","valueRequired":true,"valueName":"search_term_string"}}],"inLanguage":"en-US"},{"@type":"Organization","@id":"https:\/\/mfpartners.hu\/#organization","name":"Mar\u00e1czi, Fellegi & T\u00e1rsai \u00fcgyv\u00e9di iroda","url":"https:\/\/mfpartners.hu\/","logo":{"@type":"ImageObject","inLanguage":"en-US","@id":"https:\/\/mfpartners.hu\/#\/schema\/logo\/image\/","url":"https:\/\/mfpartners.hu\/wp-content\/uploads\/2021\/09\/logo-HU.png","contentUrl":"https:\/\/mfpartners.hu\/wp-content\/uploads\/2021\/09\/logo-HU.png","width":285,"height":62,"caption":"Mar\u00e1czi, Fellegi & T\u00e1rsai \u00fcgyv\u00e9di iroda"},"image":{"@id":"https:\/\/mfpartners.hu\/#\/schema\/logo\/image\/"},"sameAs":["https:\/\/www.facebook.com\/mfpartnerslawfirm\/"]}]}},"_links":{"self":[{"href":"https:\/\/mfpartners.hu\/en\/wp-json\/wp\/v2\/pages\/934","targetHints":{"allow":["GET"]}}],"collection":[{"href":"https:\/\/mfpartners.hu\/en\/wp-json\/wp\/v2\/pages"}],"about":[{"href":"https:\/\/mfpartners.hu\/en\/wp-json\/wp\/v2\/types\/page"}],"author":[{"embeddable":true,"href":"https:\/\/mfpartners.hu\/en\/wp-json\/wp\/v2\/users\/1"}],"replies":[{"embeddable":true,"href":"https:\/\/mfpartners.hu\/en\/wp-json\/wp\/v2\/comments?post=934"}],"version-history":[{"count":2,"href":"https:\/\/mfpartners.hu\/en\/wp-json\/wp\/v2\/pages\/934\/revisions"}],"predecessor-version":[{"id":936,"href":"https:\/\/mfpartners.hu\/en\/wp-json\/wp\/v2\/pages\/934\/revisions\/936"}],"up":[{"embeddable":true,"href":"https:\/\/mfpartners.hu\/en\/wp-json\/wp\/v2\/pages\/435"}],"wp:attachment":[{"href":"https:\/\/mfpartners.hu\/en\/wp-json\/wp\/v2\/media?parent=934"}],"curies":[{"name":"wp","href":"https:\/\/api.w.org\/{rel}","templated":true}]}}