{"id":927,"date":"2023-01-30T09:52:44","date_gmt":"2023-01-30T09:52:44","guid":{"rendered":"https:\/\/mfpartners.hu\/expertise\/epitesi-jog\/"},"modified":"2023-01-30T10:35:49","modified_gmt":"2023-01-30T10:35:49","slug":"construction-law","status":"publish","type":"page","link":"https:\/\/mfpartners.hu\/en\/expertise\/construction-law\/","title":{"rendered":"Construction law"},"content":{"rendered":"<p>A prerequisite for the lawful implementation of property development projects is that the participants in the project should be aware of the possibilities and restrictions under the building regulations. We help our clients to assert their rights by representing them in affairs before the authorities and with other project participants.<\/p>\n<p>Prominent among our construction law services are activities related to drafting and reviewing building design and building construction contracts. A number of major projects involving, for instance, residential construction, factory expansion and office building extension, have been realised through legal support provided by our firm.<\/p>\n<p>At the behest of companies manufacturing building materials, their associations, and the chambers of commerce and industry, members of our legal team have been invited to speak on construction law topics at more than 40 conferences and professional events in Hungary.<\/p>\n<h2>In the field of construction law, our law firm specialises in the following services:<\/h2>\n<ul>\n<li>Drafting and reviewing building design and construction contracts<\/li>\n<li>Preparing and reviewing contracts for technical managers and technical construction inspectors<\/li>\n<li>Giving opinions on applications for official permits and notifications<\/li>\n<li>Legal support in the procedures of the building and building control authorities<\/li>\n<li>Providing advice on townscape protection issues<\/li>\n<li>Giving opinions on compensation (restriction) issues regarding changes to zoning regulations<\/li>\n<li>Representation before the authorities and courts in matters relating to compensation for restrictions<\/li>\n<\/ul>\n","protected":false},"excerpt":{"rendered":"<p>A prerequisite for the lawful implementation of property development projects is that the participants in the project should be aware [&hellip;]<\/p>\n","protected":false},"author":1,"featured_media":0,"parent":435,"menu_order":0,"comment_status":"closed","ping_status":"closed","template":"template-parts\/page-speciality.php","meta":{"_acf_changed":false,"footnotes":""},"class_list":["post-927","page","type-page","status-publish","hentry"],"acf":[],"yoast_head":"<!-- This site is optimized with the Yoast SEO plugin v26.8 - https:\/\/yoast.com\/product\/yoast-seo-wordpress\/ -->\n<title>Construction law - Mar\u00e1czi, Fellegi &amp; T\u00e1rsai \u00dcgyv\u00e9di Iroda<\/title>\n<meta name=\"robots\" content=\"index, follow, max-snippet:-1, max-image-preview:large, max-video-preview:-1\" \/>\n<link rel=\"canonical\" href=\"https:\/\/mfpartners.hu\/en\/expertise\/construction-law\/\" \/>\n<meta property=\"og:locale\" content=\"en_US\" \/>\n<meta property=\"og:type\" content=\"article\" \/>\n<meta property=\"og:title\" content=\"Construction law - Mar\u00e1czi, Fellegi &amp; T\u00e1rsai \u00dcgyv\u00e9di Iroda\" \/>\n<meta property=\"og:description\" content=\"A prerequisite for the lawful implementation of property development projects is that the participants in the project should be aware [&hellip;]\" \/>\n<meta property=\"og:url\" content=\"https:\/\/mfpartners.hu\/en\/expertise\/construction-law\/\" \/>\n<meta property=\"og:site_name\" content=\"Mar\u00e1czi, Fellegi &amp; T\u00e1rsai \u00dcgyv\u00e9di Iroda\" \/>\n<meta property=\"article:publisher\" content=\"https:\/\/www.facebook.com\/mfpartnerslawfirm\/\" \/>\n<meta property=\"article:modified_time\" content=\"2023-01-30T10:35:49+00:00\" \/>\n<meta property=\"og:image\" content=\"https:\/\/mfpartners.hu\/wp-content\/uploads\/2022\/04\/MFP_logo1_HU_kicsi.jpg\" \/>\n\t<meta property=\"og:image:width\" content=\"200\" \/>\n\t<meta property=\"og:image:height\" content=\"200\" \/>\n\t<meta property=\"og:image:type\" content=\"image\/jpeg\" \/>\n<meta name=\"twitter:card\" content=\"summary_large_image\" \/>\n<meta name=\"twitter:label1\" content=\"Est. reading time\" \/>\n\t<meta name=\"twitter:data1\" content=\"2 minutes\" \/>\n<script type=\"application\/ld+json\" class=\"yoast-schema-graph\">{\"@context\":\"https:\/\/schema.org\",\"@graph\":[{\"@type\":\"WebPage\",\"@id\":\"https:\/\/mfpartners.hu\/en\/expertise\/construction-law\/\",\"url\":\"https:\/\/mfpartners.hu\/en\/expertise\/construction-law\/\",\"name\":\"Construction law - Mar\u00e1czi, Fellegi &amp; T\u00e1rsai \u00dcgyv\u00e9di Iroda\",\"isPartOf\":{\"@id\":\"https:\/\/mfpartners.hu\/#website\"},\"datePublished\":\"2023-01-30T09:52:44+00:00\",\"dateModified\":\"2023-01-30T10:35:49+00:00\",\"breadcrumb\":{\"@id\":\"https:\/\/mfpartners.hu\/en\/expertise\/construction-law\/#breadcrumb\"},\"inLanguage\":\"en-US\",\"potentialAction\":[{\"@type\":\"ReadAction\",\"target\":[\"https:\/\/mfpartners.hu\/en\/expertise\/construction-law\/\"]}]},{\"@type\":\"BreadcrumbList\",\"@id\":\"https:\/\/mfpartners.hu\/en\/expertise\/construction-law\/#breadcrumb\",\"itemListElement\":[{\"@type\":\"ListItem\",\"position\":1,\"name\":\"Kezd\u0151lap\",\"item\":\"https:\/\/mfpartners.hu\/en\/\"},{\"@type\":\"ListItem\",\"position\":2,\"name\":\"Expertise\",\"item\":\"https:\/\/mfpartners.hu\/en\/expertise\/\"},{\"@type\":\"ListItem\",\"position\":3,\"name\":\"Construction law\"}]},{\"@type\":\"WebSite\",\"@id\":\"https:\/\/mfpartners.hu\/#website\",\"url\":\"https:\/\/mfpartners.hu\/\",\"name\":\"Mar\u00e1czi, Fellegi &amp; T\u00e1rsai \u00dcgyv\u00e9di Iroda\",\"description\":\"Irod\u00e1nk f\u0151 profilja a k\u00f6z\u00e9p- \u00e9s nagyv\u00e1llalkoz\u00e1sok r\u00e9sz\u00e9re ny\u00fajtott \u00fcgyv\u00e9di szolg\u00e1ltat\u00e1s.\",\"publisher\":{\"@id\":\"https:\/\/mfpartners.hu\/#organization\"},\"potentialAction\":[{\"@type\":\"SearchAction\",\"target\":{\"@type\":\"EntryPoint\",\"urlTemplate\":\"https:\/\/mfpartners.hu\/?s={search_term_string}\"},\"query-input\":{\"@type\":\"PropertyValueSpecification\",\"valueRequired\":true,\"valueName\":\"search_term_string\"}}],\"inLanguage\":\"en-US\"},{\"@type\":\"Organization\",\"@id\":\"https:\/\/mfpartners.hu\/#organization\",\"name\":\"Mar\u00e1czi, Fellegi & T\u00e1rsai \u00fcgyv\u00e9di iroda\",\"url\":\"https:\/\/mfpartners.hu\/\",\"logo\":{\"@type\":\"ImageObject\",\"inLanguage\":\"en-US\",\"@id\":\"https:\/\/mfpartners.hu\/#\/schema\/logo\/image\/\",\"url\":\"https:\/\/mfpartners.hu\/wp-content\/uploads\/2021\/09\/logo-HU.png\",\"contentUrl\":\"https:\/\/mfpartners.hu\/wp-content\/uploads\/2021\/09\/logo-HU.png\",\"width\":285,\"height\":62,\"caption\":\"Mar\u00e1czi, Fellegi & T\u00e1rsai \u00fcgyv\u00e9di iroda\"},\"image\":{\"@id\":\"https:\/\/mfpartners.hu\/#\/schema\/logo\/image\/\"},\"sameAs\":[\"https:\/\/www.facebook.com\/mfpartnerslawfirm\/\"]}]}<\/script>\n<!-- \/ Yoast SEO plugin. -->","yoast_head_json":{"title":"Construction law - Mar\u00e1czi, Fellegi &amp; T\u00e1rsai \u00dcgyv\u00e9di Iroda","robots":{"index":"index","follow":"follow","max-snippet":"max-snippet:-1","max-image-preview":"max-image-preview:large","max-video-preview":"max-video-preview:-1"},"canonical":"https:\/\/mfpartners.hu\/en\/expertise\/construction-law\/","og_locale":"en_US","og_type":"article","og_title":"Construction law - Mar\u00e1czi, Fellegi &amp; T\u00e1rsai \u00dcgyv\u00e9di Iroda","og_description":"A prerequisite for the lawful implementation of property development projects is that the participants in the project should be aware [&hellip;]","og_url":"https:\/\/mfpartners.hu\/en\/expertise\/construction-law\/","og_site_name":"Mar\u00e1czi, Fellegi &amp; T\u00e1rsai \u00dcgyv\u00e9di Iroda","article_publisher":"https:\/\/www.facebook.com\/mfpartnerslawfirm\/","article_modified_time":"2023-01-30T10:35:49+00:00","og_image":[{"width":200,"height":200,"url":"https:\/\/mfpartners.hu\/wp-content\/uploads\/2022\/04\/MFP_logo1_HU_kicsi.jpg","type":"image\/jpeg"}],"twitter_card":"summary_large_image","twitter_misc":{"Est. reading time":"2 minutes"},"schema":{"@context":"https:\/\/schema.org","@graph":[{"@type":"WebPage","@id":"https:\/\/mfpartners.hu\/en\/expertise\/construction-law\/","url":"https:\/\/mfpartners.hu\/en\/expertise\/construction-law\/","name":"Construction law - Mar\u00e1czi, Fellegi &amp; T\u00e1rsai \u00dcgyv\u00e9di Iroda","isPartOf":{"@id":"https:\/\/mfpartners.hu\/#website"},"datePublished":"2023-01-30T09:52:44+00:00","dateModified":"2023-01-30T10:35:49+00:00","breadcrumb":{"@id":"https:\/\/mfpartners.hu\/en\/expertise\/construction-law\/#breadcrumb"},"inLanguage":"en-US","potentialAction":[{"@type":"ReadAction","target":["https:\/\/mfpartners.hu\/en\/expertise\/construction-law\/"]}]},{"@type":"BreadcrumbList","@id":"https:\/\/mfpartners.hu\/en\/expertise\/construction-law\/#breadcrumb","itemListElement":[{"@type":"ListItem","position":1,"name":"Kezd\u0151lap","item":"https:\/\/mfpartners.hu\/en\/"},{"@type":"ListItem","position":2,"name":"Expertise","item":"https:\/\/mfpartners.hu\/en\/expertise\/"},{"@type":"ListItem","position":3,"name":"Construction law"}]},{"@type":"WebSite","@id":"https:\/\/mfpartners.hu\/#website","url":"https:\/\/mfpartners.hu\/","name":"Mar\u00e1czi, Fellegi &amp; T\u00e1rsai \u00dcgyv\u00e9di Iroda","description":"Irod\u00e1nk f\u0151 profilja a k\u00f6z\u00e9p- \u00e9s nagyv\u00e1llalkoz\u00e1sok r\u00e9sz\u00e9re ny\u00fajtott \u00fcgyv\u00e9di szolg\u00e1ltat\u00e1s.","publisher":{"@id":"https:\/\/mfpartners.hu\/#organization"},"potentialAction":[{"@type":"SearchAction","target":{"@type":"EntryPoint","urlTemplate":"https:\/\/mfpartners.hu\/?s={search_term_string}"},"query-input":{"@type":"PropertyValueSpecification","valueRequired":true,"valueName":"search_term_string"}}],"inLanguage":"en-US"},{"@type":"Organization","@id":"https:\/\/mfpartners.hu\/#organization","name":"Mar\u00e1czi, Fellegi & T\u00e1rsai \u00fcgyv\u00e9di iroda","url":"https:\/\/mfpartners.hu\/","logo":{"@type":"ImageObject","inLanguage":"en-US","@id":"https:\/\/mfpartners.hu\/#\/schema\/logo\/image\/","url":"https:\/\/mfpartners.hu\/wp-content\/uploads\/2021\/09\/logo-HU.png","contentUrl":"https:\/\/mfpartners.hu\/wp-content\/uploads\/2021\/09\/logo-HU.png","width":285,"height":62,"caption":"Mar\u00e1czi, Fellegi & T\u00e1rsai \u00fcgyv\u00e9di iroda"},"image":{"@id":"https:\/\/mfpartners.hu\/#\/schema\/logo\/image\/"},"sameAs":["https:\/\/www.facebook.com\/mfpartnerslawfirm\/"]}]}},"_links":{"self":[{"href":"https:\/\/mfpartners.hu\/en\/wp-json\/wp\/v2\/pages\/927","targetHints":{"allow":["GET"]}}],"collection":[{"href":"https:\/\/mfpartners.hu\/en\/wp-json\/wp\/v2\/pages"}],"about":[{"href":"https:\/\/mfpartners.hu\/en\/wp-json\/wp\/v2\/types\/page"}],"author":[{"embeddable":true,"href":"https:\/\/mfpartners.hu\/en\/wp-json\/wp\/v2\/users\/1"}],"replies":[{"embeddable":true,"href":"https:\/\/mfpartners.hu\/en\/wp-json\/wp\/v2\/comments?post=927"}],"version-history":[{"count":4,"href":"https:\/\/mfpartners.hu\/en\/wp-json\/wp\/v2\/pages\/927\/revisions"}],"predecessor-version":[{"id":931,"href":"https:\/\/mfpartners.hu\/en\/wp-json\/wp\/v2\/pages\/927\/revisions\/931"}],"up":[{"embeddable":true,"href":"https:\/\/mfpartners.hu\/en\/wp-json\/wp\/v2\/pages\/435"}],"wp:attachment":[{"href":"https:\/\/mfpartners.hu\/en\/wp-json\/wp\/v2\/media?parent=927"}],"curies":[{"name":"wp","href":"https:\/\/api.w.org\/{rel}","templated":true}]}}