{"id":371,"date":"2022-02-16T15:28:15","date_gmt":"2022-02-16T15:28:15","guid":{"rendered":"http:\/\/mkpartners.usernet.hu\/our-law-team\/dr-torok-barbara-ll-m\/"},"modified":"2025-11-20T07:21:17","modified_gmt":"2025-11-20T07:21:17","slug":"dr-torok-barbara-ll-m","status":"publish","type":"page","link":"https:\/\/mfpartners.hu\/en\/our-law-team\/dr-torok-barbara-ll-m\/","title":{"rendered":"Dr. Barbara T\u00f6r\u00f6k LL.M."},"content":{"rendered":"<p>Barbara graduated in law with the distinction \u201csumma cum laude\u201d from the University of Miskolc in 2009. During her university studies, she received a Republic scholarship and obtained a diploma in English legal translation. In 2012, she completed the European Business Law course taught in English at the E\u00f6tv\u00f6s Lor\u00e1nd University, and, since 2025, has been taking partin the University\u2019s artificial intelligence (AI) and technology law specialisation course.<\/p>\n<p>She has been an attorney since 2013 and is a member of the Budapest Bar Association.\u00a0Barbara has been practising labour law for almost 15 years.\u00a0Besides labour law, Barbara has considerable experience in litigation, contract law, copyright and trademark law.<\/p>\n","protected":false},"excerpt":{"rendered":"<p>Barbara graduated in law with the distinction \u201csumma cum laude\u201d from the University of Miskolc in 2009. During her university [&hellip;]<\/p>\n","protected":false},"author":1,"featured_media":130,"parent":207,"menu_order":0,"comment_status":"closed","ping_status":"closed","template":"template-parts\/page-colleagues.php","meta":{"_acf_changed":false,"footnotes":""},"class_list":["post-371","page","type-page","status-publish","has-post-thumbnail","hentry"],"acf":[],"yoast_head":"<!-- This site is optimized with the Yoast SEO plugin v26.8 - https:\/\/yoast.com\/product\/yoast-seo-wordpress\/ -->\n<title>Dr. Barbara T\u00f6r\u00f6k LL.M. - Mar\u00e1czi, Fellegi &amp; T\u00e1rsai \u00dcgyv\u00e9di Iroda<\/title>\n<meta name=\"robots\" content=\"index, follow, max-snippet:-1, max-image-preview:large, max-video-preview:-1\" \/>\n<link rel=\"canonical\" href=\"https:\/\/mfpartners.hu\/en\/our-law-team\/dr-torok-barbara-ll-m\/\" \/>\n<meta property=\"og:locale\" content=\"en_US\" \/>\n<meta property=\"og:type\" content=\"article\" \/>\n<meta property=\"og:title\" content=\"Dr. Barbara T\u00f6r\u00f6k LL.M. - Mar\u00e1czi, Fellegi &amp; T\u00e1rsai \u00dcgyv\u00e9di Iroda\" \/>\n<meta property=\"og:description\" content=\"Barbara graduated in law with the distinction \u201csumma cum laude\u201d from the University of Miskolc in 2009. During her university [&hellip;]\" \/>\n<meta property=\"og:url\" content=\"https:\/\/mfpartners.hu\/en\/our-law-team\/dr-torok-barbara-ll-m\/\" \/>\n<meta property=\"og:site_name\" content=\"Mar\u00e1czi, Fellegi &amp; T\u00e1rsai \u00dcgyv\u00e9di Iroda\" \/>\n<meta property=\"article:publisher\" content=\"https:\/\/www.facebook.com\/mfpartnerslawfirm\/\" \/>\n<meta property=\"article:modified_time\" content=\"2025-11-20T07:21:17+00:00\" \/>\n<meta property=\"og:image\" content=\"https:\/\/mfpartners.hu\/wp-content\/uploads\/2022\/02\/Barbara-web-full.jpg\" \/>\n\t<meta property=\"og:image:width\" content=\"521\" \/>\n\t<meta property=\"og:image:height\" content=\"359\" \/>\n\t<meta property=\"og:image:type\" content=\"image\/jpeg\" \/>\n<meta name=\"twitter:card\" content=\"summary_large_image\" \/>\n<meta name=\"twitter:label1\" content=\"Est. reading time\" \/>\n\t<meta name=\"twitter:data1\" content=\"1 minute\" \/>\n<script type=\"application\/ld+json\" class=\"yoast-schema-graph\">{\"@context\":\"https:\/\/schema.org\",\"@graph\":[{\"@type\":\"WebPage\",\"@id\":\"https:\/\/mfpartners.hu\/en\/our-law-team\/dr-torok-barbara-ll-m\/\",\"url\":\"https:\/\/mfpartners.hu\/en\/our-law-team\/dr-torok-barbara-ll-m\/\",\"name\":\"Dr. Barbara T\u00f6r\u00f6k LL.M. - Mar\u00e1czi, Fellegi &amp; T\u00e1rsai \u00dcgyv\u00e9di Iroda\",\"isPartOf\":{\"@id\":\"https:\/\/mfpartners.hu\/#website\"},\"primaryImageOfPage\":{\"@id\":\"https:\/\/mfpartners.hu\/en\/our-law-team\/dr-torok-barbara-ll-m\/#primaryimage\"},\"image\":{\"@id\":\"https:\/\/mfpartners.hu\/en\/our-law-team\/dr-torok-barbara-ll-m\/#primaryimage\"},\"thumbnailUrl\":\"https:\/\/mfpartners.hu\/wp-content\/uploads\/2022\/02\/Barbara-web-full.jpg\",\"datePublished\":\"2022-02-16T15:28:15+00:00\",\"dateModified\":\"2025-11-20T07:21:17+00:00\",\"breadcrumb\":{\"@id\":\"https:\/\/mfpartners.hu\/en\/our-law-team\/dr-torok-barbara-ll-m\/#breadcrumb\"},\"inLanguage\":\"en-US\",\"potentialAction\":[{\"@type\":\"ReadAction\",\"target\":[\"https:\/\/mfpartners.hu\/en\/our-law-team\/dr-torok-barbara-ll-m\/\"]}]},{\"@type\":\"ImageObject\",\"inLanguage\":\"en-US\",\"@id\":\"https:\/\/mfpartners.hu\/en\/our-law-team\/dr-torok-barbara-ll-m\/#primaryimage\",\"url\":\"https:\/\/mfpartners.hu\/wp-content\/uploads\/2022\/02\/Barbara-web-full.jpg\",\"contentUrl\":\"https:\/\/mfpartners.hu\/wp-content\/uploads\/2022\/02\/Barbara-web-full.jpg\",\"width\":521,\"height\":359,\"caption\":\"Dr. T\u00f6r\u00f6k Barbara LL.M.\"},{\"@type\":\"BreadcrumbList\",\"@id\":\"https:\/\/mfpartners.hu\/en\/our-law-team\/dr-torok-barbara-ll-m\/#breadcrumb\",\"itemListElement\":[{\"@type\":\"ListItem\",\"position\":1,\"name\":\"Kezd\u0151lap\",\"item\":\"https:\/\/mfpartners.hu\/en\/\"},{\"@type\":\"ListItem\",\"position\":2,\"name\":\"Our law team\",\"item\":\"https:\/\/mfpartners.hu\/en\/our-law-team\/\"},{\"@type\":\"ListItem\",\"position\":3,\"name\":\"Dr. Barbara T\u00f6r\u00f6k LL.M.\"}]},{\"@type\":\"WebSite\",\"@id\":\"https:\/\/mfpartners.hu\/#website\",\"url\":\"https:\/\/mfpartners.hu\/\",\"name\":\"Mar\u00e1czi, Fellegi &amp; T\u00e1rsai \u00dcgyv\u00e9di Iroda\",\"description\":\"Irod\u00e1nk f\u0151 profilja a k\u00f6z\u00e9p- \u00e9s nagyv\u00e1llalkoz\u00e1sok r\u00e9sz\u00e9re ny\u00fajtott \u00fcgyv\u00e9di szolg\u00e1ltat\u00e1s.\",\"publisher\":{\"@id\":\"https:\/\/mfpartners.hu\/#organization\"},\"potentialAction\":[{\"@type\":\"SearchAction\",\"target\":{\"@type\":\"EntryPoint\",\"urlTemplate\":\"https:\/\/mfpartners.hu\/?s={search_term_string}\"},\"query-input\":{\"@type\":\"PropertyValueSpecification\",\"valueRequired\":true,\"valueName\":\"search_term_string\"}}],\"inLanguage\":\"en-US\"},{\"@type\":\"Organization\",\"@id\":\"https:\/\/mfpartners.hu\/#organization\",\"name\":\"Mar\u00e1czi, Fellegi & T\u00e1rsai \u00fcgyv\u00e9di iroda\",\"url\":\"https:\/\/mfpartners.hu\/\",\"logo\":{\"@type\":\"ImageObject\",\"inLanguage\":\"en-US\",\"@id\":\"https:\/\/mfpartners.hu\/#\/schema\/logo\/image\/\",\"url\":\"https:\/\/mfpartners.hu\/wp-content\/uploads\/2021\/09\/logo-HU.png\",\"contentUrl\":\"https:\/\/mfpartners.hu\/wp-content\/uploads\/2021\/09\/logo-HU.png\",\"width\":285,\"height\":62,\"caption\":\"Mar\u00e1czi, Fellegi & T\u00e1rsai \u00fcgyv\u00e9di iroda\"},\"image\":{\"@id\":\"https:\/\/mfpartners.hu\/#\/schema\/logo\/image\/\"},\"sameAs\":[\"https:\/\/www.facebook.com\/mfpartnerslawfirm\/\"]}]}<\/script>\n<!-- \/ Yoast SEO plugin. -->","yoast_head_json":{"title":"Dr. Barbara T\u00f6r\u00f6k LL.M. - Mar\u00e1czi, Fellegi &amp; T\u00e1rsai \u00dcgyv\u00e9di Iroda","robots":{"index":"index","follow":"follow","max-snippet":"max-snippet:-1","max-image-preview":"max-image-preview:large","max-video-preview":"max-video-preview:-1"},"canonical":"https:\/\/mfpartners.hu\/en\/our-law-team\/dr-torok-barbara-ll-m\/","og_locale":"en_US","og_type":"article","og_title":"Dr. Barbara T\u00f6r\u00f6k LL.M. - Mar\u00e1czi, Fellegi &amp; T\u00e1rsai \u00dcgyv\u00e9di Iroda","og_description":"Barbara graduated in law with the distinction \u201csumma cum laude\u201d from the University of Miskolc in 2009. During her university [&hellip;]","og_url":"https:\/\/mfpartners.hu\/en\/our-law-team\/dr-torok-barbara-ll-m\/","og_site_name":"Mar\u00e1czi, Fellegi &amp; T\u00e1rsai \u00dcgyv\u00e9di Iroda","article_publisher":"https:\/\/www.facebook.com\/mfpartnerslawfirm\/","article_modified_time":"2025-11-20T07:21:17+00:00","og_image":[{"width":521,"height":359,"url":"https:\/\/mfpartners.hu\/wp-content\/uploads\/2022\/02\/Barbara-web-full.jpg","type":"image\/jpeg"}],"twitter_card":"summary_large_image","twitter_misc":{"Est. reading time":"1 minute"},"schema":{"@context":"https:\/\/schema.org","@graph":[{"@type":"WebPage","@id":"https:\/\/mfpartners.hu\/en\/our-law-team\/dr-torok-barbara-ll-m\/","url":"https:\/\/mfpartners.hu\/en\/our-law-team\/dr-torok-barbara-ll-m\/","name":"Dr. Barbara T\u00f6r\u00f6k LL.M. - Mar\u00e1czi, Fellegi &amp; T\u00e1rsai \u00dcgyv\u00e9di Iroda","isPartOf":{"@id":"https:\/\/mfpartners.hu\/#website"},"primaryImageOfPage":{"@id":"https:\/\/mfpartners.hu\/en\/our-law-team\/dr-torok-barbara-ll-m\/#primaryimage"},"image":{"@id":"https:\/\/mfpartners.hu\/en\/our-law-team\/dr-torok-barbara-ll-m\/#primaryimage"},"thumbnailUrl":"https:\/\/mfpartners.hu\/wp-content\/uploads\/2022\/02\/Barbara-web-full.jpg","datePublished":"2022-02-16T15:28:15+00:00","dateModified":"2025-11-20T07:21:17+00:00","breadcrumb":{"@id":"https:\/\/mfpartners.hu\/en\/our-law-team\/dr-torok-barbara-ll-m\/#breadcrumb"},"inLanguage":"en-US","potentialAction":[{"@type":"ReadAction","target":["https:\/\/mfpartners.hu\/en\/our-law-team\/dr-torok-barbara-ll-m\/"]}]},{"@type":"ImageObject","inLanguage":"en-US","@id":"https:\/\/mfpartners.hu\/en\/our-law-team\/dr-torok-barbara-ll-m\/#primaryimage","url":"https:\/\/mfpartners.hu\/wp-content\/uploads\/2022\/02\/Barbara-web-full.jpg","contentUrl":"https:\/\/mfpartners.hu\/wp-content\/uploads\/2022\/02\/Barbara-web-full.jpg","width":521,"height":359,"caption":"Dr. T\u00f6r\u00f6k Barbara LL.M."},{"@type":"BreadcrumbList","@id":"https:\/\/mfpartners.hu\/en\/our-law-team\/dr-torok-barbara-ll-m\/#breadcrumb","itemListElement":[{"@type":"ListItem","position":1,"name":"Kezd\u0151lap","item":"https:\/\/mfpartners.hu\/en\/"},{"@type":"ListItem","position":2,"name":"Our law team","item":"https:\/\/mfpartners.hu\/en\/our-law-team\/"},{"@type":"ListItem","position":3,"name":"Dr. Barbara T\u00f6r\u00f6k LL.M."}]},{"@type":"WebSite","@id":"https:\/\/mfpartners.hu\/#website","url":"https:\/\/mfpartners.hu\/","name":"Mar\u00e1czi, Fellegi &amp; T\u00e1rsai \u00dcgyv\u00e9di Iroda","description":"Irod\u00e1nk f\u0151 profilja a k\u00f6z\u00e9p- \u00e9s nagyv\u00e1llalkoz\u00e1sok r\u00e9sz\u00e9re ny\u00fajtott \u00fcgyv\u00e9di szolg\u00e1ltat\u00e1s.","publisher":{"@id":"https:\/\/mfpartners.hu\/#organization"},"potentialAction":[{"@type":"SearchAction","target":{"@type":"EntryPoint","urlTemplate":"https:\/\/mfpartners.hu\/?s={search_term_string}"},"query-input":{"@type":"PropertyValueSpecification","valueRequired":true,"valueName":"search_term_string"}}],"inLanguage":"en-US"},{"@type":"Organization","@id":"https:\/\/mfpartners.hu\/#organization","name":"Mar\u00e1czi, Fellegi & T\u00e1rsai \u00fcgyv\u00e9di iroda","url":"https:\/\/mfpartners.hu\/","logo":{"@type":"ImageObject","inLanguage":"en-US","@id":"https:\/\/mfpartners.hu\/#\/schema\/logo\/image\/","url":"https:\/\/mfpartners.hu\/wp-content\/uploads\/2021\/09\/logo-HU.png","contentUrl":"https:\/\/mfpartners.hu\/wp-content\/uploads\/2021\/09\/logo-HU.png","width":285,"height":62,"caption":"Mar\u00e1czi, Fellegi & T\u00e1rsai \u00fcgyv\u00e9di iroda"},"image":{"@id":"https:\/\/mfpartners.hu\/#\/schema\/logo\/image\/"},"sameAs":["https:\/\/www.facebook.com\/mfpartnerslawfirm\/"]}]}},"_links":{"self":[{"href":"https:\/\/mfpartners.hu\/en\/wp-json\/wp\/v2\/pages\/371","targetHints":{"allow":["GET"]}}],"collection":[{"href":"https:\/\/mfpartners.hu\/en\/wp-json\/wp\/v2\/pages"}],"about":[{"href":"https:\/\/mfpartners.hu\/en\/wp-json\/wp\/v2\/types\/page"}],"author":[{"embeddable":true,"href":"https:\/\/mfpartners.hu\/en\/wp-json\/wp\/v2\/users\/1"}],"replies":[{"embeddable":true,"href":"https:\/\/mfpartners.hu\/en\/wp-json\/wp\/v2\/comments?post=371"}],"version-history":[{"count":18,"href":"https:\/\/mfpartners.hu\/en\/wp-json\/wp\/v2\/pages\/371\/revisions"}],"predecessor-version":[{"id":1873,"href":"https:\/\/mfpartners.hu\/en\/wp-json\/wp\/v2\/pages\/371\/revisions\/1873"}],"up":[{"embeddable":true,"href":"https:\/\/mfpartners.hu\/en\/wp-json\/wp\/v2\/pages\/207"}],"wp:featuredmedia":[{"embeddable":true,"href":"https:\/\/mfpartners.hu\/en\/wp-json\/wp\/v2\/media\/130"}],"wp:attachment":[{"href":"https:\/\/mfpartners.hu\/en\/wp-json\/wp\/v2\/media?parent=371"}],"curies":[{"name":"wp","href":"https:\/\/api.w.org\/{rel}","templated":true}]}}