{"id":361,"date":"2022-02-16T15:31:13","date_gmt":"2022-02-16T15:31:13","guid":{"rendered":"http:\/\/mkpartners.usernet.hu\/our-law-team\/dr-gabor-nikolett-ll-m\/"},"modified":"2025-01-09T09:19:55","modified_gmt":"2025-01-09T09:19:55","slug":"dr-gabor-nikolett-ll-m","status":"publish","type":"page","link":"https:\/\/mfpartners.hu\/en\/our-law-team\/dr-gabor-nikolett-ll-m\/","title":{"rendered":"Dr. Nikolett G\u00e1bor LL.M."},"content":{"rendered":"<p>Nikolett graduated in law at the University of Miskolc in 2005. She qualified at the E\u00f6tv\u00f6s Lor\u00e1nd University as a banking lawyer in 2010 and as a data security and data protection lawyer in 2019.<\/p>\n<p>A member of the Budapest Bar Association, she has broad experience in data protection due diligence investigations, data protection compliance, and various civil and economic areas. She has worked in cooperation with our office on data protection projects and civil law cases since 2020.<\/p>\n","protected":false},"excerpt":{"rendered":"<p>Nikolett graduated in law at the University of Miskolc in 2005. She qualified at the E\u00f6tv\u00f6s Lor\u00e1nd University as a [&hellip;]<\/p>\n","protected":false},"author":1,"featured_media":134,"parent":207,"menu_order":0,"comment_status":"closed","ping_status":"closed","template":"template-parts\/page-colleagues.php","meta":{"_acf_changed":false,"footnotes":""},"class_list":["post-361","page","type-page","status-publish","has-post-thumbnail","hentry"],"acf":[],"yoast_head":"<!-- This site is optimized with the Yoast SEO plugin v26.8 - https:\/\/yoast.com\/product\/yoast-seo-wordpress\/ -->\n<title>Dr. Nikolett G\u00e1bor LL.M. - Mar\u00e1czi, Fellegi &amp; T\u00e1rsai \u00dcgyv\u00e9di Iroda<\/title>\n<meta name=\"robots\" content=\"index, follow, max-snippet:-1, max-image-preview:large, max-video-preview:-1\" \/>\n<link rel=\"canonical\" href=\"https:\/\/mfpartners.hu\/en\/our-law-team\/dr-gabor-nikolett-ll-m\/\" \/>\n<meta property=\"og:locale\" content=\"en_US\" \/>\n<meta property=\"og:type\" content=\"article\" \/>\n<meta property=\"og:title\" content=\"Dr. Nikolett G\u00e1bor LL.M. - Mar\u00e1czi, Fellegi &amp; T\u00e1rsai \u00dcgyv\u00e9di Iroda\" \/>\n<meta property=\"og:description\" content=\"Nikolett graduated in law at the University of Miskolc in 2005. She qualified at the E\u00f6tv\u00f6s Lor\u00e1nd University as a [&hellip;]\" \/>\n<meta property=\"og:url\" content=\"https:\/\/mfpartners.hu\/en\/our-law-team\/dr-gabor-nikolett-ll-m\/\" \/>\n<meta property=\"og:site_name\" content=\"Mar\u00e1czi, Fellegi &amp; T\u00e1rsai \u00dcgyv\u00e9di Iroda\" \/>\n<meta property=\"article:publisher\" content=\"https:\/\/www.facebook.com\/mfpartnerslawfirm\/\" \/>\n<meta property=\"article:modified_time\" content=\"2025-01-09T09:19:55+00:00\" \/>\n<meta property=\"og:image\" content=\"https:\/\/mfpartners.hu\/wp-content\/uploads\/2022\/02\/Niki-web-full.jpg\" \/>\n\t<meta property=\"og:image:width\" content=\"521\" \/>\n\t<meta property=\"og:image:height\" content=\"359\" \/>\n\t<meta property=\"og:image:type\" content=\"image\/jpeg\" \/>\n<meta name=\"twitter:card\" content=\"summary_large_image\" \/>\n<meta name=\"twitter:label1\" content=\"Est. reading time\" \/>\n\t<meta name=\"twitter:data1\" content=\"1 minute\" \/>\n<script type=\"application\/ld+json\" class=\"yoast-schema-graph\">{\"@context\":\"https:\/\/schema.org\",\"@graph\":[{\"@type\":\"WebPage\",\"@id\":\"https:\/\/mfpartners.hu\/en\/our-law-team\/dr-gabor-nikolett-ll-m\/\",\"url\":\"https:\/\/mfpartners.hu\/en\/our-law-team\/dr-gabor-nikolett-ll-m\/\",\"name\":\"Dr. Nikolett G\u00e1bor LL.M. - Mar\u00e1czi, Fellegi &amp; T\u00e1rsai \u00dcgyv\u00e9di Iroda\",\"isPartOf\":{\"@id\":\"https:\/\/mfpartners.hu\/#website\"},\"primaryImageOfPage\":{\"@id\":\"https:\/\/mfpartners.hu\/en\/our-law-team\/dr-gabor-nikolett-ll-m\/#primaryimage\"},\"image\":{\"@id\":\"https:\/\/mfpartners.hu\/en\/our-law-team\/dr-gabor-nikolett-ll-m\/#primaryimage\"},\"thumbnailUrl\":\"https:\/\/mfpartners.hu\/wp-content\/uploads\/2022\/02\/Niki-web-full.jpg\",\"datePublished\":\"2022-02-16T15:31:13+00:00\",\"dateModified\":\"2025-01-09T09:19:55+00:00\",\"breadcrumb\":{\"@id\":\"https:\/\/mfpartners.hu\/en\/our-law-team\/dr-gabor-nikolett-ll-m\/#breadcrumb\"},\"inLanguage\":\"en-US\",\"potentialAction\":[{\"@type\":\"ReadAction\",\"target\":[\"https:\/\/mfpartners.hu\/en\/our-law-team\/dr-gabor-nikolett-ll-m\/\"]}]},{\"@type\":\"ImageObject\",\"inLanguage\":\"en-US\",\"@id\":\"https:\/\/mfpartners.hu\/en\/our-law-team\/dr-gabor-nikolett-ll-m\/#primaryimage\",\"url\":\"https:\/\/mfpartners.hu\/wp-content\/uploads\/2022\/02\/Niki-web-full.jpg\",\"contentUrl\":\"https:\/\/mfpartners.hu\/wp-content\/uploads\/2022\/02\/Niki-web-full.jpg\",\"width\":521,\"height\":359,\"caption\":\"Dr.\"},{\"@type\":\"BreadcrumbList\",\"@id\":\"https:\/\/mfpartners.hu\/en\/our-law-team\/dr-gabor-nikolett-ll-m\/#breadcrumb\",\"itemListElement\":[{\"@type\":\"ListItem\",\"position\":1,\"name\":\"Kezd\u0151lap\",\"item\":\"https:\/\/mfpartners.hu\/en\/\"},{\"@type\":\"ListItem\",\"position\":2,\"name\":\"Our law team\",\"item\":\"https:\/\/mfpartners.hu\/en\/our-law-team\/\"},{\"@type\":\"ListItem\",\"position\":3,\"name\":\"Dr. Nikolett G\u00e1bor LL.M.\"}]},{\"@type\":\"WebSite\",\"@id\":\"https:\/\/mfpartners.hu\/#website\",\"url\":\"https:\/\/mfpartners.hu\/\",\"name\":\"Mar\u00e1czi, Fellegi &amp; T\u00e1rsai \u00dcgyv\u00e9di Iroda\",\"description\":\"Irod\u00e1nk f\u0151 profilja a k\u00f6z\u00e9p- \u00e9s nagyv\u00e1llalkoz\u00e1sok r\u00e9sz\u00e9re ny\u00fajtott \u00fcgyv\u00e9di szolg\u00e1ltat\u00e1s.\",\"publisher\":{\"@id\":\"https:\/\/mfpartners.hu\/#organization\"},\"potentialAction\":[{\"@type\":\"SearchAction\",\"target\":{\"@type\":\"EntryPoint\",\"urlTemplate\":\"https:\/\/mfpartners.hu\/?s={search_term_string}\"},\"query-input\":{\"@type\":\"PropertyValueSpecification\",\"valueRequired\":true,\"valueName\":\"search_term_string\"}}],\"inLanguage\":\"en-US\"},{\"@type\":\"Organization\",\"@id\":\"https:\/\/mfpartners.hu\/#organization\",\"name\":\"Mar\u00e1czi, Fellegi & T\u00e1rsai \u00fcgyv\u00e9di iroda\",\"url\":\"https:\/\/mfpartners.hu\/\",\"logo\":{\"@type\":\"ImageObject\",\"inLanguage\":\"en-US\",\"@id\":\"https:\/\/mfpartners.hu\/#\/schema\/logo\/image\/\",\"url\":\"https:\/\/mfpartners.hu\/wp-content\/uploads\/2021\/09\/logo-HU.png\",\"contentUrl\":\"https:\/\/mfpartners.hu\/wp-content\/uploads\/2021\/09\/logo-HU.png\",\"width\":285,\"height\":62,\"caption\":\"Mar\u00e1czi, Fellegi & T\u00e1rsai \u00fcgyv\u00e9di iroda\"},\"image\":{\"@id\":\"https:\/\/mfpartners.hu\/#\/schema\/logo\/image\/\"},\"sameAs\":[\"https:\/\/www.facebook.com\/mfpartnerslawfirm\/\"]}]}<\/script>\n<!-- \/ Yoast SEO plugin. -->","yoast_head_json":{"title":"Dr. Nikolett G\u00e1bor LL.M. - Mar\u00e1czi, Fellegi &amp; T\u00e1rsai \u00dcgyv\u00e9di Iroda","robots":{"index":"index","follow":"follow","max-snippet":"max-snippet:-1","max-image-preview":"max-image-preview:large","max-video-preview":"max-video-preview:-1"},"canonical":"https:\/\/mfpartners.hu\/en\/our-law-team\/dr-gabor-nikolett-ll-m\/","og_locale":"en_US","og_type":"article","og_title":"Dr. Nikolett G\u00e1bor LL.M. - Mar\u00e1czi, Fellegi &amp; T\u00e1rsai \u00dcgyv\u00e9di Iroda","og_description":"Nikolett graduated in law at the University of Miskolc in 2005. She qualified at the E\u00f6tv\u00f6s Lor\u00e1nd University as a [&hellip;]","og_url":"https:\/\/mfpartners.hu\/en\/our-law-team\/dr-gabor-nikolett-ll-m\/","og_site_name":"Mar\u00e1czi, Fellegi &amp; T\u00e1rsai \u00dcgyv\u00e9di Iroda","article_publisher":"https:\/\/www.facebook.com\/mfpartnerslawfirm\/","article_modified_time":"2025-01-09T09:19:55+00:00","og_image":[{"width":521,"height":359,"url":"https:\/\/mfpartners.hu\/wp-content\/uploads\/2022\/02\/Niki-web-full.jpg","type":"image\/jpeg"}],"twitter_card":"summary_large_image","twitter_misc":{"Est. reading time":"1 minute"},"schema":{"@context":"https:\/\/schema.org","@graph":[{"@type":"WebPage","@id":"https:\/\/mfpartners.hu\/en\/our-law-team\/dr-gabor-nikolett-ll-m\/","url":"https:\/\/mfpartners.hu\/en\/our-law-team\/dr-gabor-nikolett-ll-m\/","name":"Dr. Nikolett G\u00e1bor LL.M. - Mar\u00e1czi, Fellegi &amp; T\u00e1rsai \u00dcgyv\u00e9di Iroda","isPartOf":{"@id":"https:\/\/mfpartners.hu\/#website"},"primaryImageOfPage":{"@id":"https:\/\/mfpartners.hu\/en\/our-law-team\/dr-gabor-nikolett-ll-m\/#primaryimage"},"image":{"@id":"https:\/\/mfpartners.hu\/en\/our-law-team\/dr-gabor-nikolett-ll-m\/#primaryimage"},"thumbnailUrl":"https:\/\/mfpartners.hu\/wp-content\/uploads\/2022\/02\/Niki-web-full.jpg","datePublished":"2022-02-16T15:31:13+00:00","dateModified":"2025-01-09T09:19:55+00:00","breadcrumb":{"@id":"https:\/\/mfpartners.hu\/en\/our-law-team\/dr-gabor-nikolett-ll-m\/#breadcrumb"},"inLanguage":"en-US","potentialAction":[{"@type":"ReadAction","target":["https:\/\/mfpartners.hu\/en\/our-law-team\/dr-gabor-nikolett-ll-m\/"]}]},{"@type":"ImageObject","inLanguage":"en-US","@id":"https:\/\/mfpartners.hu\/en\/our-law-team\/dr-gabor-nikolett-ll-m\/#primaryimage","url":"https:\/\/mfpartners.hu\/wp-content\/uploads\/2022\/02\/Niki-web-full.jpg","contentUrl":"https:\/\/mfpartners.hu\/wp-content\/uploads\/2022\/02\/Niki-web-full.jpg","width":521,"height":359,"caption":"Dr."},{"@type":"BreadcrumbList","@id":"https:\/\/mfpartners.hu\/en\/our-law-team\/dr-gabor-nikolett-ll-m\/#breadcrumb","itemListElement":[{"@type":"ListItem","position":1,"name":"Kezd\u0151lap","item":"https:\/\/mfpartners.hu\/en\/"},{"@type":"ListItem","position":2,"name":"Our law team","item":"https:\/\/mfpartners.hu\/en\/our-law-team\/"},{"@type":"ListItem","position":3,"name":"Dr. Nikolett G\u00e1bor LL.M."}]},{"@type":"WebSite","@id":"https:\/\/mfpartners.hu\/#website","url":"https:\/\/mfpartners.hu\/","name":"Mar\u00e1czi, Fellegi &amp; T\u00e1rsai \u00dcgyv\u00e9di Iroda","description":"Irod\u00e1nk f\u0151 profilja a k\u00f6z\u00e9p- \u00e9s nagyv\u00e1llalkoz\u00e1sok r\u00e9sz\u00e9re ny\u00fajtott \u00fcgyv\u00e9di szolg\u00e1ltat\u00e1s.","publisher":{"@id":"https:\/\/mfpartners.hu\/#organization"},"potentialAction":[{"@type":"SearchAction","target":{"@type":"EntryPoint","urlTemplate":"https:\/\/mfpartners.hu\/?s={search_term_string}"},"query-input":{"@type":"PropertyValueSpecification","valueRequired":true,"valueName":"search_term_string"}}],"inLanguage":"en-US"},{"@type":"Organization","@id":"https:\/\/mfpartners.hu\/#organization","name":"Mar\u00e1czi, Fellegi & T\u00e1rsai \u00fcgyv\u00e9di iroda","url":"https:\/\/mfpartners.hu\/","logo":{"@type":"ImageObject","inLanguage":"en-US","@id":"https:\/\/mfpartners.hu\/#\/schema\/logo\/image\/","url":"https:\/\/mfpartners.hu\/wp-content\/uploads\/2021\/09\/logo-HU.png","contentUrl":"https:\/\/mfpartners.hu\/wp-content\/uploads\/2021\/09\/logo-HU.png","width":285,"height":62,"caption":"Mar\u00e1czi, Fellegi & T\u00e1rsai \u00fcgyv\u00e9di iroda"},"image":{"@id":"https:\/\/mfpartners.hu\/#\/schema\/logo\/image\/"},"sameAs":["https:\/\/www.facebook.com\/mfpartnerslawfirm\/"]}]}},"_links":{"self":[{"href":"https:\/\/mfpartners.hu\/en\/wp-json\/wp\/v2\/pages\/361","targetHints":{"allow":["GET"]}}],"collection":[{"href":"https:\/\/mfpartners.hu\/en\/wp-json\/wp\/v2\/pages"}],"about":[{"href":"https:\/\/mfpartners.hu\/en\/wp-json\/wp\/v2\/types\/page"}],"author":[{"embeddable":true,"href":"https:\/\/mfpartners.hu\/en\/wp-json\/wp\/v2\/users\/1"}],"replies":[{"embeddable":true,"href":"https:\/\/mfpartners.hu\/en\/wp-json\/wp\/v2\/comments?post=361"}],"version-history":[{"count":10,"href":"https:\/\/mfpartners.hu\/en\/wp-json\/wp\/v2\/pages\/361\/revisions"}],"predecessor-version":[{"id":1852,"href":"https:\/\/mfpartners.hu\/en\/wp-json\/wp\/v2\/pages\/361\/revisions\/1852"}],"up":[{"embeddable":true,"href":"https:\/\/mfpartners.hu\/en\/wp-json\/wp\/v2\/pages\/207"}],"wp:featuredmedia":[{"embeddable":true,"href":"https:\/\/mfpartners.hu\/en\/wp-json\/wp\/v2\/media\/134"}],"wp:attachment":[{"href":"https:\/\/mfpartners.hu\/en\/wp-json\/wp\/v2\/media?parent=361"}],"curies":[{"name":"wp","href":"https:\/\/api.w.org\/{rel}","templated":true}]}}