{"id":351,"date":"2021-02-16T15:05:00","date_gmt":"2021-02-16T15:05:00","guid":{"rendered":"http:\/\/mkpartners.usernet.hu\/our-law-team\/dr-fellegi-nandor-ll-m\/"},"modified":"2025-11-20T07:22:28","modified_gmt":"2025-11-20T07:22:28","slug":"dr-fellegi-nandor-ll-m","status":"publish","type":"page","link":"https:\/\/mfpartners.hu\/en\/our-law-team\/dr-fellegi-nandor-ll-m\/","title":{"rendered":"Dr. N\u00e1ndor Fellegi LL.M."},"content":{"rendered":"<p>N\u00e1ndor graduated in law from the University of Szeged in 2014. During his university studies, he spent 10 months on an Erasmus scholarship in Germany, where he completed law courses in German and English at the Johannes Gutenberg-Universit\u00e4t in Mainz.<\/p>\n<p>He joined the firm in 2014 as a trainee lawyer, and has been a partner and practising as attorney since December 2018. He is a member of the Budapest Bar Association, and became the managing partner of the law firm in 2025. In 2021, he qualified as a competition law specialist at the P\u00e1zm\u00e1ny P\u00e9ter Catholic University and, since 2022, has been studying for a Master of Business Administration (MBA) at the Neumann J\u00e1nos University.<\/p>\n<p>N\u00e1ndor has gained significant experience in the devising and due diligence of commercial systems for medium and large companies. He assists clients in civil law, competition law, consumer protection and e-commerce related matters arising in the course of sales on a day-to-day basis.<\/p>\n<p>In addition to the above, for almost a decade he has regularly completed labour law, real estate and construction law assignments and has been involved in corporate law dealing with mergers of large companies.<\/p>\n","protected":false},"excerpt":{"rendered":"<p>N\u00e1ndor graduated in law from the University of Szeged in 2014. During his university studies, he spent 10 months on [&hellip;]<\/p>\n","protected":false},"author":1,"featured_media":132,"parent":207,"menu_order":0,"comment_status":"closed","ping_status":"closed","template":"template-parts\/page-colleagues.php","meta":{"_acf_changed":false,"footnotes":""},"class_list":["post-351","page","type-page","status-publish","has-post-thumbnail","hentry"],"acf":[],"yoast_head":"<!-- This site is optimized with the Yoast SEO plugin v26.8 - https:\/\/yoast.com\/product\/yoast-seo-wordpress\/ -->\n<title>Dr. N\u00e1ndor Fellegi LL.M. - Mar\u00e1czi, Fellegi &amp; T\u00e1rsai \u00dcgyv\u00e9di Iroda<\/title>\n<meta name=\"robots\" content=\"index, follow, max-snippet:-1, max-image-preview:large, max-video-preview:-1\" \/>\n<link rel=\"canonical\" href=\"https:\/\/mfpartners.hu\/en\/our-law-team\/dr-fellegi-nandor-ll-m\/\" \/>\n<meta property=\"og:locale\" content=\"en_US\" \/>\n<meta property=\"og:type\" content=\"article\" \/>\n<meta property=\"og:title\" content=\"Dr. N\u00e1ndor Fellegi LL.M. - Mar\u00e1czi, Fellegi &amp; T\u00e1rsai \u00dcgyv\u00e9di Iroda\" \/>\n<meta property=\"og:description\" content=\"N\u00e1ndor graduated in law from the University of Szeged in 2014. During his university studies, he spent 10 months on [&hellip;]\" \/>\n<meta property=\"og:url\" content=\"https:\/\/mfpartners.hu\/en\/our-law-team\/dr-fellegi-nandor-ll-m\/\" \/>\n<meta property=\"og:site_name\" content=\"Mar\u00e1czi, Fellegi &amp; T\u00e1rsai \u00dcgyv\u00e9di Iroda\" \/>\n<meta property=\"article:publisher\" content=\"https:\/\/www.facebook.com\/mfpartnerslawfirm\/\" \/>\n<meta property=\"article:modified_time\" content=\"2025-11-20T07:22:28+00:00\" \/>\n<meta property=\"og:image\" content=\"https:\/\/mfpartners.hu\/wp-content\/uploads\/2022\/02\/Nandor-web-full.jpg\" \/>\n\t<meta property=\"og:image:width\" content=\"521\" \/>\n\t<meta property=\"og:image:height\" content=\"359\" \/>\n\t<meta property=\"og:image:type\" content=\"image\/jpeg\" \/>\n<meta name=\"twitter:card\" content=\"summary_large_image\" \/>\n<meta name=\"twitter:label1\" content=\"Est. reading time\" \/>\n\t<meta name=\"twitter:data1\" content=\"2 minutes\" \/>\n<script type=\"application\/ld+json\" class=\"yoast-schema-graph\">{\"@context\":\"https:\/\/schema.org\",\"@graph\":[{\"@type\":\"WebPage\",\"@id\":\"https:\/\/mfpartners.hu\/en\/our-law-team\/dr-fellegi-nandor-ll-m\/\",\"url\":\"https:\/\/mfpartners.hu\/en\/our-law-team\/dr-fellegi-nandor-ll-m\/\",\"name\":\"Dr. N\u00e1ndor Fellegi LL.M. - Mar\u00e1czi, Fellegi &amp; T\u00e1rsai \u00dcgyv\u00e9di Iroda\",\"isPartOf\":{\"@id\":\"https:\/\/mfpartners.hu\/#website\"},\"primaryImageOfPage\":{\"@id\":\"https:\/\/mfpartners.hu\/en\/our-law-team\/dr-fellegi-nandor-ll-m\/#primaryimage\"},\"image\":{\"@id\":\"https:\/\/mfpartners.hu\/en\/our-law-team\/dr-fellegi-nandor-ll-m\/#primaryimage\"},\"thumbnailUrl\":\"https:\/\/mfpartners.hu\/wp-content\/uploads\/2022\/02\/Nandor-web-full.jpg\",\"datePublished\":\"2021-02-16T15:05:00+00:00\",\"dateModified\":\"2025-11-20T07:22:28+00:00\",\"breadcrumb\":{\"@id\":\"https:\/\/mfpartners.hu\/en\/our-law-team\/dr-fellegi-nandor-ll-m\/#breadcrumb\"},\"inLanguage\":\"en-US\",\"potentialAction\":[{\"@type\":\"ReadAction\",\"target\":[\"https:\/\/mfpartners.hu\/en\/our-law-team\/dr-fellegi-nandor-ll-m\/\"]}]},{\"@type\":\"ImageObject\",\"inLanguage\":\"en-US\",\"@id\":\"https:\/\/mfpartners.hu\/en\/our-law-team\/dr-fellegi-nandor-ll-m\/#primaryimage\",\"url\":\"https:\/\/mfpartners.hu\/wp-content\/uploads\/2022\/02\/Nandor-web-full.jpg\",\"contentUrl\":\"https:\/\/mfpartners.hu\/wp-content\/uploads\/2022\/02\/Nandor-web-full.jpg\",\"width\":521,\"height\":359,\"caption\":\"Dr. Fellegi N\u00e1ndor LL.M.\"},{\"@type\":\"BreadcrumbList\",\"@id\":\"https:\/\/mfpartners.hu\/en\/our-law-team\/dr-fellegi-nandor-ll-m\/#breadcrumb\",\"itemListElement\":[{\"@type\":\"ListItem\",\"position\":1,\"name\":\"Kezd\u0151lap\",\"item\":\"https:\/\/mfpartners.hu\/en\/\"},{\"@type\":\"ListItem\",\"position\":2,\"name\":\"Our law team\",\"item\":\"https:\/\/mfpartners.hu\/en\/our-law-team\/\"},{\"@type\":\"ListItem\",\"position\":3,\"name\":\"Dr. N\u00e1ndor Fellegi LL.M.\"}]},{\"@type\":\"WebSite\",\"@id\":\"https:\/\/mfpartners.hu\/#website\",\"url\":\"https:\/\/mfpartners.hu\/\",\"name\":\"Mar\u00e1czi, Fellegi &amp; T\u00e1rsai \u00dcgyv\u00e9di Iroda\",\"description\":\"Irod\u00e1nk f\u0151 profilja a k\u00f6z\u00e9p- \u00e9s nagyv\u00e1llalkoz\u00e1sok r\u00e9sz\u00e9re ny\u00fajtott \u00fcgyv\u00e9di szolg\u00e1ltat\u00e1s.\",\"publisher\":{\"@id\":\"https:\/\/mfpartners.hu\/#organization\"},\"potentialAction\":[{\"@type\":\"SearchAction\",\"target\":{\"@type\":\"EntryPoint\",\"urlTemplate\":\"https:\/\/mfpartners.hu\/?s={search_term_string}\"},\"query-input\":{\"@type\":\"PropertyValueSpecification\",\"valueRequired\":true,\"valueName\":\"search_term_string\"}}],\"inLanguage\":\"en-US\"},{\"@type\":\"Organization\",\"@id\":\"https:\/\/mfpartners.hu\/#organization\",\"name\":\"Mar\u00e1czi, Fellegi & T\u00e1rsai \u00fcgyv\u00e9di iroda\",\"url\":\"https:\/\/mfpartners.hu\/\",\"logo\":{\"@type\":\"ImageObject\",\"inLanguage\":\"en-US\",\"@id\":\"https:\/\/mfpartners.hu\/#\/schema\/logo\/image\/\",\"url\":\"https:\/\/mfpartners.hu\/wp-content\/uploads\/2021\/09\/logo-HU.png\",\"contentUrl\":\"https:\/\/mfpartners.hu\/wp-content\/uploads\/2021\/09\/logo-HU.png\",\"width\":285,\"height\":62,\"caption\":\"Mar\u00e1czi, Fellegi & T\u00e1rsai \u00fcgyv\u00e9di iroda\"},\"image\":{\"@id\":\"https:\/\/mfpartners.hu\/#\/schema\/logo\/image\/\"},\"sameAs\":[\"https:\/\/www.facebook.com\/mfpartnerslawfirm\/\"]}]}<\/script>\n<!-- \/ Yoast SEO plugin. -->","yoast_head_json":{"title":"Dr. N\u00e1ndor Fellegi LL.M. - Mar\u00e1czi, Fellegi &amp; T\u00e1rsai \u00dcgyv\u00e9di Iroda","robots":{"index":"index","follow":"follow","max-snippet":"max-snippet:-1","max-image-preview":"max-image-preview:large","max-video-preview":"max-video-preview:-1"},"canonical":"https:\/\/mfpartners.hu\/en\/our-law-team\/dr-fellegi-nandor-ll-m\/","og_locale":"en_US","og_type":"article","og_title":"Dr. N\u00e1ndor Fellegi LL.M. - Mar\u00e1czi, Fellegi &amp; T\u00e1rsai \u00dcgyv\u00e9di Iroda","og_description":"N\u00e1ndor graduated in law from the University of Szeged in 2014. During his university studies, he spent 10 months on [&hellip;]","og_url":"https:\/\/mfpartners.hu\/en\/our-law-team\/dr-fellegi-nandor-ll-m\/","og_site_name":"Mar\u00e1czi, Fellegi &amp; T\u00e1rsai \u00dcgyv\u00e9di Iroda","article_publisher":"https:\/\/www.facebook.com\/mfpartnerslawfirm\/","article_modified_time":"2025-11-20T07:22:28+00:00","og_image":[{"width":521,"height":359,"url":"https:\/\/mfpartners.hu\/wp-content\/uploads\/2022\/02\/Nandor-web-full.jpg","type":"image\/jpeg"}],"twitter_card":"summary_large_image","twitter_misc":{"Est. reading time":"2 minutes"},"schema":{"@context":"https:\/\/schema.org","@graph":[{"@type":"WebPage","@id":"https:\/\/mfpartners.hu\/en\/our-law-team\/dr-fellegi-nandor-ll-m\/","url":"https:\/\/mfpartners.hu\/en\/our-law-team\/dr-fellegi-nandor-ll-m\/","name":"Dr. N\u00e1ndor Fellegi LL.M. - Mar\u00e1czi, Fellegi &amp; T\u00e1rsai \u00dcgyv\u00e9di Iroda","isPartOf":{"@id":"https:\/\/mfpartners.hu\/#website"},"primaryImageOfPage":{"@id":"https:\/\/mfpartners.hu\/en\/our-law-team\/dr-fellegi-nandor-ll-m\/#primaryimage"},"image":{"@id":"https:\/\/mfpartners.hu\/en\/our-law-team\/dr-fellegi-nandor-ll-m\/#primaryimage"},"thumbnailUrl":"https:\/\/mfpartners.hu\/wp-content\/uploads\/2022\/02\/Nandor-web-full.jpg","datePublished":"2021-02-16T15:05:00+00:00","dateModified":"2025-11-20T07:22:28+00:00","breadcrumb":{"@id":"https:\/\/mfpartners.hu\/en\/our-law-team\/dr-fellegi-nandor-ll-m\/#breadcrumb"},"inLanguage":"en-US","potentialAction":[{"@type":"ReadAction","target":["https:\/\/mfpartners.hu\/en\/our-law-team\/dr-fellegi-nandor-ll-m\/"]}]},{"@type":"ImageObject","inLanguage":"en-US","@id":"https:\/\/mfpartners.hu\/en\/our-law-team\/dr-fellegi-nandor-ll-m\/#primaryimage","url":"https:\/\/mfpartners.hu\/wp-content\/uploads\/2022\/02\/Nandor-web-full.jpg","contentUrl":"https:\/\/mfpartners.hu\/wp-content\/uploads\/2022\/02\/Nandor-web-full.jpg","width":521,"height":359,"caption":"Dr. Fellegi N\u00e1ndor LL.M."},{"@type":"BreadcrumbList","@id":"https:\/\/mfpartners.hu\/en\/our-law-team\/dr-fellegi-nandor-ll-m\/#breadcrumb","itemListElement":[{"@type":"ListItem","position":1,"name":"Kezd\u0151lap","item":"https:\/\/mfpartners.hu\/en\/"},{"@type":"ListItem","position":2,"name":"Our law team","item":"https:\/\/mfpartners.hu\/en\/our-law-team\/"},{"@type":"ListItem","position":3,"name":"Dr. N\u00e1ndor Fellegi LL.M."}]},{"@type":"WebSite","@id":"https:\/\/mfpartners.hu\/#website","url":"https:\/\/mfpartners.hu\/","name":"Mar\u00e1czi, Fellegi &amp; T\u00e1rsai \u00dcgyv\u00e9di Iroda","description":"Irod\u00e1nk f\u0151 profilja a k\u00f6z\u00e9p- \u00e9s nagyv\u00e1llalkoz\u00e1sok r\u00e9sz\u00e9re ny\u00fajtott \u00fcgyv\u00e9di szolg\u00e1ltat\u00e1s.","publisher":{"@id":"https:\/\/mfpartners.hu\/#organization"},"potentialAction":[{"@type":"SearchAction","target":{"@type":"EntryPoint","urlTemplate":"https:\/\/mfpartners.hu\/?s={search_term_string}"},"query-input":{"@type":"PropertyValueSpecification","valueRequired":true,"valueName":"search_term_string"}}],"inLanguage":"en-US"},{"@type":"Organization","@id":"https:\/\/mfpartners.hu\/#organization","name":"Mar\u00e1czi, Fellegi & T\u00e1rsai \u00fcgyv\u00e9di iroda","url":"https:\/\/mfpartners.hu\/","logo":{"@type":"ImageObject","inLanguage":"en-US","@id":"https:\/\/mfpartners.hu\/#\/schema\/logo\/image\/","url":"https:\/\/mfpartners.hu\/wp-content\/uploads\/2021\/09\/logo-HU.png","contentUrl":"https:\/\/mfpartners.hu\/wp-content\/uploads\/2021\/09\/logo-HU.png","width":285,"height":62,"caption":"Mar\u00e1czi, Fellegi & T\u00e1rsai \u00fcgyv\u00e9di iroda"},"image":{"@id":"https:\/\/mfpartners.hu\/#\/schema\/logo\/image\/"},"sameAs":["https:\/\/www.facebook.com\/mfpartnerslawfirm\/"]}]}},"_links":{"self":[{"href":"https:\/\/mfpartners.hu\/en\/wp-json\/wp\/v2\/pages\/351","targetHints":{"allow":["GET"]}}],"collection":[{"href":"https:\/\/mfpartners.hu\/en\/wp-json\/wp\/v2\/pages"}],"about":[{"href":"https:\/\/mfpartners.hu\/en\/wp-json\/wp\/v2\/types\/page"}],"author":[{"embeddable":true,"href":"https:\/\/mfpartners.hu\/en\/wp-json\/wp\/v2\/users\/1"}],"replies":[{"embeddable":true,"href":"https:\/\/mfpartners.hu\/en\/wp-json\/wp\/v2\/comments?post=351"}],"version-history":[{"count":18,"href":"https:\/\/mfpartners.hu\/en\/wp-json\/wp\/v2\/pages\/351\/revisions"}],"predecessor-version":[{"id":1875,"href":"https:\/\/mfpartners.hu\/en\/wp-json\/wp\/v2\/pages\/351\/revisions\/1875"}],"up":[{"embeddable":true,"href":"https:\/\/mfpartners.hu\/en\/wp-json\/wp\/v2\/pages\/207"}],"wp:featuredmedia":[{"embeddable":true,"href":"https:\/\/mfpartners.hu\/en\/wp-json\/wp\/v2\/media\/132"}],"wp:attachment":[{"href":"https:\/\/mfpartners.hu\/en\/wp-json\/wp\/v2\/media?parent=351"}],"curies":[{"name":"wp","href":"https:\/\/api.w.org\/{rel}","templated":true}]}}