{"id":204,"date":"2021-08-17T17:09:30","date_gmt":"2021-08-17T17:09:30","guid":{"rendered":"http:\/\/mkpartners.usernet.hu\/adatkezelesi-tajekoztato\/"},"modified":"2023-05-05T07:46:09","modified_gmt":"2023-05-05T07:46:09","slug":"privacy-policy","status":"publish","type":"page","link":"https:\/\/mfpartners.hu\/en\/privacy-policy\/","title":{"rendered":"Privacy Policy"},"content":{"rendered":"<p>A Mar\u00e1czi, Fellegi \u00e9s T\u00e1rsai \u00dcgyv\u00e9di Iroda (tov\u00e1bbiakban: <strong>Adatkezel\u0151<\/strong>) a <span style=\"color: #993300;\"><a style=\"color: #993300;\" href=\"http:\/\/www.mfpartners.hu\/\">www.mfpartners.hu<\/a><\/span> domain n\u00e9v alatt el\u00e9rhet\u0151 weboldal (tov\u00e1bbiakban: <strong>Weboldal<\/strong>) \u00fczemeltet\u0151je. Jelen adatkezel\u00e9si t\u00e1j\u00e9koztat\u00f3ban az Adatkezel\u0151 a Weboldalon el\u00e9rhet\u0151 kapcsolatfelv\u00e9teli \u0171rlappal \u00f6sszef\u00fcgg\u0151 adatkezel\u00e9sr\u0151l ny\u00fajt t\u00e1j\u00e9koztat\u00e1st az \u00e9rintetteknek.<\/p>\n<p>Az Adatkezel\u0151 a kapcsolatfelv\u00e9teli \u0171rlappal \u00f6sszef\u00fcgg\u0151 adatkezel\u00e9se sor\u00e1n az Eur\u00f3pai Parlament \u00e9s a Tan\u00e1cs 2016. \u00e1prilis 27-i (EU) 2016\/679 rendelete (\u00e1ltal\u00e1nos adatv\u00e9delmi rendelet, tov\u00e1bbiakban: <strong>GDPR<\/strong>) el\u0151\u00edr\u00e1sainak megfelel\u0151en j\u00e1r el, kezeli az adatokat.<\/p>\n<p>Az Adatkezel\u0151 a Weboldalon haszn\u00e1lt s\u00fctikr\u0151l (cookie-k) k\u00fcl\u00f6n ad t\u00e1j\u00e9koztat\u00e1st.<\/p>\n<p><strong><u>I. Az Adatkezel\u0151 adatai<\/u><\/strong><\/p>\n<p><strong>N\u00e9v:<\/strong> Mar\u00e1czi, Fellegi \u00e9s T\u00e1rsai \u00dcgyv\u00e9di Iroda<br \/>\n<strong>Sz\u00e9khely \u00e9s postac\u00edm:<\/strong> 1113 Budapest, Bocskai \u00fat 77-79. B1. lph. 2. em.<br \/>\n<strong>E-mail c\u00edm: <\/strong><span style=\"color: #993300;\"><a style=\"color: #993300;\" href=\"mailto:info@mfpartners.hu\">info@mfpartners.hu<\/a><\/span><br \/>\n<strong>Telefonsz\u00e1m:<\/strong> +36 1 371 16 20<br \/>\n<strong>Honlap:<\/strong> <span style=\"color: #993300;\"><a style=\"color: #993300;\" href=\"http:\/\/www.mfpartners.hu\/\">www.mfpartners.hu<\/a><\/span><\/p>\n<p><strong><u>II. Kapcsolatfelv\u00e9teli \u0171rlapon megadott adatok kezel\u00e9se<\/u><\/strong><\/p>\n<p>A Weboldalon az Adatkezel\u0151vel k\u00f6zvetlen\u00fcl kapcsolatba lehet l\u00e9pni a kapcsolatfelv\u00e9teli \u0171rlap haszn\u00e1lat\u00e1val.<\/p>\n<p><strong>\u00c9rintett: <\/strong>a kapcsolatfelv\u00e9teli \u0171rlapot kit\u00f6lt\u0151, \u00e9s azt az Adatkezel\u0151nek megk\u00fcld\u0151 szem\u00e9ly.<br \/>\n<strong>Adatkezel\u00e9s c\u00e9lja:<\/strong> kapcsolatfelv\u00e9tel \u00e9s kapcsolattart\u00e1s az \u00e9rintettekkel.<br \/>\n<strong>Adatkezel\u00e9s jogalapja:<\/strong> az \u00e9rintett \u00f6nk\u00e9ntes hozz\u00e1j\u00e1rul\u00e1sa (GDPR 6. cikk (1) bekezd\u00e9s a) pont). Az \u00e9rintett a hozz\u00e1j\u00e1rul\u00e1st az adatok (\u00fczenet) bek\u00fcld\u00e9s\u00e9vel adja meg.<br \/>\n<strong>Kezelt adatok: <\/strong>n\u00e9v, e-mail c\u00edm, \u00fczenet.<br \/>\n<strong>C\u00edmzett: <\/strong>c\u00edmzettnek min\u0151s\u00fcl a webt\u00e1rhely-szolg\u00e1ltat\u00f3, a USERNET Kft (c\u00e9gjegyz\u00e9ksz\u00e1m: 01-09-953586; sz\u00e9khely: 1037 Budapest, Jeles utca 109., feladat: webt\u00e1rhely-szolg\u00e1ltat\u00e1s), aki az Adatkezel\u0151 adatfeldolgoz\u00f3ja.<br \/>\n<strong>Adatkezel\u00e9s id\u0151tartama:<\/strong> a kapcsolatfelv\u00e9telt\u0151l sz\u00e1m\u00edtott 6 h\u00f3napig kezeli az Adatkezel\u0151 az adatokat. Amennyiben az \u00e9rintett kor\u00e1bban visszavonja a hozz\u00e1j\u00e1rul\u00e1s\u00e1t vagy k\u00e9ri az adatai t\u00f6rl\u00e9s\u00e9t az Adatkezel\u0151t\u0151l, akkor ezen id\u0151pontig kezeli az Adatkezel\u0151 az adatokat. Amennyiben az \u00e9rintett az Adatkezel\u0151vel \u00fcgyv\u00e9di megb\u00edz\u00e1si szerz\u0151d\u00e9st k\u00f6t, akkor e kapcs\u00e1n az Adatkezel\u0151 az adatmeg\u0151rz\u00e9si id\u0151r\u0151l k\u00fcl\u00f6n ad t\u00e1j\u00e9koztat\u00e1st.<br \/>\n<strong>Adatszolg\u00e1ltat\u00e1s elmarad\u00e1s\u00e1nak lehets\u00e9ges k\u00f6vetkezm\u00e9nye: <\/strong>az \u00e9rintett nem tudja felvenni a kapcsolatot az Adatkezel\u0151vel a kapcsolatfelv\u00e9teli \u0171rlapon kereszt\u00fcl. Az \u00e9rintett ilyenkor az Adatkezel\u0151 egy\u00e9b el\u00e9rhet\u0151s\u00e9gein kereszt\u00fcl tud kapcsolatba l\u00e9pni az Adatkezel\u0151vel.<\/p>\n<p>A kapcsolatfelv\u00e9teli \u0171rlapon kereszt\u00fcl t\u00f6rt\u00e9n\u0151 adatszolg\u00e1ltat\u00e1s nem jogszab\u00e1lyi vagy szerz\u0151d\u00e9ses k\u00f6telezetts\u00e9gen alapul, \u00e9s az nem el\u0151felt\u00e9tele az Adatkezel\u0151vel t\u00f6rt\u00e9n\u0151 szerz\u0151d\u00e9sk\u00f6t\u00e9snek. A kapcsolatfelv\u00e9teli \u0171rlap haszn\u00e1lata \u00f6nk\u00e9ntes.<\/p>\n<p>Az \u00e9rintett a <u>hozz\u00e1j\u00e1rul\u00e1s\u00e1t b\u00e1rmikor visszavonhatja<\/u> az Adatkezel\u0151 postai c\u00edm\u00e9re (1113 Budapest, Bocskai \u00fat 77-79. B1. lph. 2. em.) vagy e-mail c\u00edm\u00e9re (<span style=\"color: #993300;\"><a style=\"color: #993300;\" href=\"mailto:info@mfpartners.hu\">info@mfpartners.hu<\/a><\/span>) k\u00fcld\u00f6tt lev\u00e9llel. A hozz\u00e1j\u00e1rul\u00e1s visszavon\u00e1sa nem \u00e9rinti a hozz\u00e1j\u00e1rul\u00e1son alapul\u00f3, a visszavon\u00e1s el\u0151tti adatkezel\u00e9s jogszer\u0171s\u00e9g\u00e9t.<\/p>\n<p><strong><u>III. Az \u00e9rintett jogai<\/u><\/strong><\/p>\n<p>Az \u00e9rintett az al\u00e1bbi jogait az Adatkezel\u0151 postai c\u00edm\u00e9re (1113 Budapest, Bocskai \u00fat 77-79. B1. lph. 2. em.) vagy e-mail c\u00edm\u00e9re (<span style=\"color: #993300;\"><a style=\"color: #993300;\" href=\"mailto:info@mfpartners.hu\">info@mfpartners.hu<\/a><\/span>) k\u00fcld\u00f6tt lev\u00e9l \u00fatj\u00e1n gyakorolhatja. Adatkezel\u0151 a k\u00e9relmet kivizsg\u00e1lja, \u00e9s a k\u00e9relem be\u00e9rkez\u00e9s\u00e9t\u0151l sz\u00e1m\u00edtott 1 h\u00f3napon bel\u00fcl t\u00e1j\u00e9koztatja az \u00e9rintettet az al\u00e1bbi, b\u00e1rmely k\u00e9relem kapcs\u00e1n hozott int\u00e9zked\u00e9sr\u0151l (pl. t\u00f6rl\u00e9s, helyesb\u00edt\u00e9s), az int\u00e9zked\u00e9s elmarad\u00e1s\u00e1nak ok\u00e1r\u00f3l vagy a v\u00e1laszad\u00e1s hat\u00e1ridej\u00e9nek meghosszabb\u00edt\u00e1s\u00e1r\u00f3l. A v\u00e1laszad\u00e1s legfeljebb 2 h\u00f3nappal meghosszabb\u00edthat\u00f3, ha a k\u00e9relmek sz\u00e1ma vagy a k\u00e9relem \u00f6sszetetts\u00e9ge miatt indokolt.<\/p>\n<p><u>Hozz\u00e1f\u00e9r\u00e9si jog<br \/>\n<\/u>Az \u00e9rintett jogosult arra, hogy az Adatkezel\u0151t\u0151l t\u00e1j\u00e9koztat\u00e1st k\u00e9rjen arra vonatkoz\u00f3an, hogy szem\u00e9lyes adatainak kezel\u00e9se folyamatban van-e, \u00e9s ha ilyen adatkezel\u00e9s folyamatban van, jogosult arra, hogy a kezelt szem\u00e9lyes adatokr\u00f3l \u00e9s az adatkezel\u00e9ssel kapcsolatos inform\u00e1ci\u00f3kr\u00f3l t\u00e1j\u00e9koztat\u00e1st kapjon. A hozz\u00e1f\u00e9r\u00e9si jog kiterjed a kezelt szem\u00e9lyes adatok kateg\u00f3ri\u00e1ira; az adatkezel\u00e9s c\u00e9lj\u00e1ra, az adatkezel\u00e9s jogalapj\u00e1ra; az adatkezel\u00e9s id\u0151tartam\u00e1ra; az adatok forr\u00e1s\u00e1ra; az adatok c\u00edmzetteire vagy azok kateg\u00f3ri\u00e1ira; az \u00e9rintetti jogokra; fel\u00fcgyeleti hat\u00f3s\u00e1ghoz fordul\u00e1si panaszt\u00e9teli jogra; tov\u00e1bb\u00e1, hogy alkalmaz-e az Adatkezel\u0151 automatiz\u00e1lt d\u00f6nt\u00e9shozatalt, profilalkot\u00e1st, annak logik\u00e1j\u00e1ra.<\/p>\n<p><u>Helyesb\u00edt\u00e9shez val\u00f3 jog<br \/>\n<\/u>Az \u00e9rintett k\u00e9rheti, hogy az Adatkezel\u0151 helyesb\u00edtse, kieg\u00e9sz\u00edtse a r\u00e1 vonatkoz\u00f3 pontatlan, hi\u00e1nyos szem\u00e9lyes adatokat.<\/p>\n<p><u>T\u00f6rl\u00e9shez val\u00f3 jog (elfeledtet\u00e9shez val\u00f3 jog)<br \/>\n<\/u>Az \u00e9rintett k\u00e9rheti az Adatkezel\u0151 \u00e1ltal kezelt adatainak a t\u00f6rl\u00e9s\u00e9t.<\/p>\n<p><u>Adatkezel\u00e9s korl\u00e1toz\u00e1s\u00e1hoz val\u00f3 jog:<br \/>\n<\/u>Az \u00e9rintett k\u00e9rheti, hogy az Adatkezel\u0151 korl\u00e1tozza az adatkezel\u00e9st az al\u00e1bbi esetekben:<\/p>\n<p>&#8211; ha vitatja a szem\u00e9lyes adatok pontoss\u00e1g\u00e1t (ebben az esetben az Adatkezel\u0151 arra az id\u0151tartamra korl\u00e1tozza az adatkezel\u00e9st, am\u00edg ellen\u0151rzi a szem\u00e9lyes adatok pontoss\u00e1g\u00e1t);<br \/>\n&#8211; ha az adatkezel\u00e9s jogellenes, \u00e9s az \u00e9rintett ellenzi az adatok t\u00f6rl\u00e9s\u00e9t, \u00e9s ahelyett k\u00e9ri az adatok felhaszn\u00e1l\u00e1s\u00e1nak a korl\u00e1toz\u00e1s\u00e1t;<br \/>\n&#8211; ha az Adatkezel\u0151nek m\u00e1r nincs sz\u00fcks\u00e9ge a szem\u00e9lyes adatokra az adatkezel\u00e9s c\u00e9lj\u00e1b\u00f3l, de az \u00e9rintett ig\u00e9nyli azokat jogi ig\u00e9nye el\u0151terjeszt\u00e9s\u00e9hez, \u00e9rv\u00e9nyes\u00edt\u00e9s\u00e9hez vagy v\u00e9delm\u00e9hez.<\/p>\n<p><u>Adathordozhat\u00f3s\u00e1ghoz val\u00f3 jog<br \/>\n<\/u>Az \u00e9rintett k\u00e9rheti, hogy a r\u00e1 vonatkoz\u00f3, \u00e1ltala az Adatkezel\u0151 rendelkez\u00e9s\u00e9re bocs\u00e1tott szem\u00e9lyes adatokat tagolt, sz\u00e9les k\u00f6rben haszn\u00e1lt, g\u00e9ppel olvashat\u00f3 form\u00e1tumban megkapja az Adatkezel\u0151t\u0151l. Az \u00e9rintett k\u00e9rheti tov\u00e1bb\u00e1 az Adatkezel\u0151t\u0151l, hogy ezeket az adatokat egy m\u00e1sik adatkezel\u0151nek tov\u00e1bb\u00edtsa.<\/p>\n<p><strong><u>IV. Jog\u00e9rv\u00e9nyes\u00edt\u00e9si lehet\u0151s\u00e9gek<\/u><\/strong><\/p>\n<p><u>Adatkezel\u0151h\u00f6z fordul\u00e1s<br \/>\n<\/u>Amennyiben a szem\u00e9lyes adatok kezel\u00e9s\u00e9vel kapcsolatban b\u00e1rmilyen jogs\u00e9rt\u00e9s mer\u00fclne fel, akkor az Adatkezel\u0151h\u00f6z lehet fordulni postai \u00faton (1113 Budapest, Bocskai \u00fat 77-79. B1. lph. 2. em.), e-mailben (<span style=\"color: #993300;\"><a style=\"color: #993300;\" href=\"mailto:iroda@mfpartners.hu\">iroda@mfpartners.hu<\/a><\/span>) vagy telefonon (+36 1 371 16 20).<\/p>\n<p><u>B\u00edr\u00f3s\u00e1ghoz fordul\u00e1s<br \/>\n<\/u>Az \u00e9rintett a lak\u00f3helye vagy tart\u00f3zkod\u00e1si helye szerint illet\u00e9kes t\u00f6rv\u00e9nysz\u00e9k el\u0151tt pert ind\u00edthat adatv\u00e9delmi jogai megs\u00e9rt\u00e9s\u00e9vel kapcsolatban.<\/p>\n<p><u>A fel\u00fcgyeleti hat\u00f3s\u00e1ghoz fordul\u00e1s<br \/>\n<\/u>Nemzeti Adatv\u00e9delmi \u00e9s Inform\u00e1ci\u00f3szabads\u00e1g Hat\u00f3s\u00e1gn\u00e1l (c\u00edm: 1055 Budapest, Falk Miksa utca 9-11; levelez\u00e9si c\u00edm: 1363 Budapest, Pf.: 9.; tel.: +36 (1) 391-1400; e-mail: ugyfelszolgalat@naih.hu; fax: +36 (1) 391-1410.; honlap: www.naih.hu) panasszal lehet \u00e9lni.<\/p>\n<p>Budapest, 2023.04.26.<br \/>\nMar\u00e1czi, Fellegi \u00e9s T\u00e1rsai \u00dcgyv\u00e9di Iroda<\/p>\n","protected":false},"excerpt":{"rendered":"<p>A Mar\u00e1czi, Fellegi \u00e9s T\u00e1rsai \u00dcgyv\u00e9di Iroda (tov\u00e1bbiakban: Adatkezel\u0151) a www.mfpartners.hu domain n\u00e9v alatt el\u00e9rhet\u0151 weboldal (tov\u00e1bbiakban: Weboldal) \u00fczemeltet\u0151je. Jelen [&hellip;]<\/p>\n","protected":false},"author":1,"featured_media":0,"parent":0,"menu_order":0,"comment_status":"closed","ping_status":"closed","template":"template-parts\/page-text.php","meta":{"_acf_changed":false,"footnotes":""},"class_list":["post-204","page","type-page","status-publish","hentry"],"acf":[],"yoast_head":"<!-- This site is optimized with the Yoast SEO plugin v26.8 - https:\/\/yoast.com\/product\/yoast-seo-wordpress\/ -->\n<title>Privacy Policy - Mar\u00e1czi, Fellegi &amp; T\u00e1rsai \u00dcgyv\u00e9di Iroda<\/title>\n<meta name=\"robots\" content=\"index, follow, max-snippet:-1, max-image-preview:large, max-video-preview:-1\" \/>\n<link rel=\"canonical\" href=\"https:\/\/mfpartners.hu\/en\/privacy-policy\/\" \/>\n<meta property=\"og:locale\" content=\"en_US\" \/>\n<meta property=\"og:type\" content=\"article\" \/>\n<meta property=\"og:title\" content=\"Privacy Policy - Mar\u00e1czi, Fellegi &amp; T\u00e1rsai \u00dcgyv\u00e9di Iroda\" \/>\n<meta property=\"og:description\" content=\"A Mar\u00e1czi, Fellegi \u00e9s T\u00e1rsai \u00dcgyv\u00e9di Iroda (tov\u00e1bbiakban: Adatkezel\u0151) a www.mfpartners.hu domain n\u00e9v alatt el\u00e9rhet\u0151 weboldal (tov\u00e1bbiakban: Weboldal) \u00fczemeltet\u0151je. Jelen [&hellip;]\" \/>\n<meta property=\"og:url\" content=\"https:\/\/mfpartners.hu\/en\/privacy-policy\/\" \/>\n<meta property=\"og:site_name\" content=\"Mar\u00e1czi, Fellegi &amp; T\u00e1rsai \u00dcgyv\u00e9di Iroda\" \/>\n<meta property=\"article:publisher\" content=\"https:\/\/www.facebook.com\/mfpartnerslawfirm\/\" \/>\n<meta property=\"article:modified_time\" content=\"2023-05-05T07:46:09+00:00\" \/>\n<meta property=\"og:image\" content=\"https:\/\/mfpartners.hu\/wp-content\/uploads\/2022\/04\/MFP_logo1_HU_kicsi.jpg\" \/>\n\t<meta property=\"og:image:width\" content=\"200\" \/>\n\t<meta property=\"og:image:height\" content=\"200\" \/>\n\t<meta property=\"og:image:type\" content=\"image\/jpeg\" \/>\n<meta name=\"twitter:card\" content=\"summary_large_image\" \/>\n<meta name=\"twitter:label1\" content=\"Est. reading time\" \/>\n\t<meta name=\"twitter:data1\" content=\"6 minutes\" \/>\n<script type=\"application\/ld+json\" class=\"yoast-schema-graph\">{\"@context\":\"https:\/\/schema.org\",\"@graph\":[{\"@type\":\"WebPage\",\"@id\":\"https:\/\/mfpartners.hu\/en\/privacy-policy\/\",\"url\":\"https:\/\/mfpartners.hu\/en\/privacy-policy\/\",\"name\":\"Privacy Policy - Mar\u00e1czi, Fellegi &amp; T\u00e1rsai \u00dcgyv\u00e9di Iroda\",\"isPartOf\":{\"@id\":\"https:\/\/mfpartners.hu\/#website\"},\"datePublished\":\"2021-08-17T17:09:30+00:00\",\"dateModified\":\"2023-05-05T07:46:09+00:00\",\"breadcrumb\":{\"@id\":\"https:\/\/mfpartners.hu\/en\/privacy-policy\/#breadcrumb\"},\"inLanguage\":\"en-US\",\"potentialAction\":[{\"@type\":\"ReadAction\",\"target\":[\"https:\/\/mfpartners.hu\/en\/privacy-policy\/\"]}]},{\"@type\":\"BreadcrumbList\",\"@id\":\"https:\/\/mfpartners.hu\/en\/privacy-policy\/#breadcrumb\",\"itemListElement\":[{\"@type\":\"ListItem\",\"position\":1,\"name\":\"Kezd\u0151lap\",\"item\":\"https:\/\/mfpartners.hu\/en\/\"},{\"@type\":\"ListItem\",\"position\":2,\"name\":\"Privacy Policy\"}]},{\"@type\":\"WebSite\",\"@id\":\"https:\/\/mfpartners.hu\/#website\",\"url\":\"https:\/\/mfpartners.hu\/\",\"name\":\"Mar\u00e1czi, Fellegi &amp; T\u00e1rsai \u00dcgyv\u00e9di Iroda\",\"description\":\"Irod\u00e1nk f\u0151 profilja a k\u00f6z\u00e9p- \u00e9s nagyv\u00e1llalkoz\u00e1sok r\u00e9sz\u00e9re ny\u00fajtott \u00fcgyv\u00e9di szolg\u00e1ltat\u00e1s.\",\"publisher\":{\"@id\":\"https:\/\/mfpartners.hu\/#organization\"},\"potentialAction\":[{\"@type\":\"SearchAction\",\"target\":{\"@type\":\"EntryPoint\",\"urlTemplate\":\"https:\/\/mfpartners.hu\/?s={search_term_string}\"},\"query-input\":{\"@type\":\"PropertyValueSpecification\",\"valueRequired\":true,\"valueName\":\"search_term_string\"}}],\"inLanguage\":\"en-US\"},{\"@type\":\"Organization\",\"@id\":\"https:\/\/mfpartners.hu\/#organization\",\"name\":\"Mar\u00e1czi, Fellegi & T\u00e1rsai \u00fcgyv\u00e9di iroda\",\"url\":\"https:\/\/mfpartners.hu\/\",\"logo\":{\"@type\":\"ImageObject\",\"inLanguage\":\"en-US\",\"@id\":\"https:\/\/mfpartners.hu\/#\/schema\/logo\/image\/\",\"url\":\"https:\/\/mfpartners.hu\/wp-content\/uploads\/2021\/09\/logo-HU.png\",\"contentUrl\":\"https:\/\/mfpartners.hu\/wp-content\/uploads\/2021\/09\/logo-HU.png\",\"width\":285,\"height\":62,\"caption\":\"Mar\u00e1czi, Fellegi & T\u00e1rsai \u00fcgyv\u00e9di iroda\"},\"image\":{\"@id\":\"https:\/\/mfpartners.hu\/#\/schema\/logo\/image\/\"},\"sameAs\":[\"https:\/\/www.facebook.com\/mfpartnerslawfirm\/\"]}]}<\/script>\n<!-- \/ Yoast SEO plugin. -->","yoast_head_json":{"title":"Privacy Policy - Mar\u00e1czi, Fellegi &amp; T\u00e1rsai \u00dcgyv\u00e9di Iroda","robots":{"index":"index","follow":"follow","max-snippet":"max-snippet:-1","max-image-preview":"max-image-preview:large","max-video-preview":"max-video-preview:-1"},"canonical":"https:\/\/mfpartners.hu\/en\/privacy-policy\/","og_locale":"en_US","og_type":"article","og_title":"Privacy Policy - Mar\u00e1czi, Fellegi &amp; T\u00e1rsai \u00dcgyv\u00e9di Iroda","og_description":"A Mar\u00e1czi, Fellegi \u00e9s T\u00e1rsai \u00dcgyv\u00e9di Iroda (tov\u00e1bbiakban: Adatkezel\u0151) a www.mfpartners.hu domain n\u00e9v alatt el\u00e9rhet\u0151 weboldal (tov\u00e1bbiakban: Weboldal) \u00fczemeltet\u0151je. Jelen [&hellip;]","og_url":"https:\/\/mfpartners.hu\/en\/privacy-policy\/","og_site_name":"Mar\u00e1czi, Fellegi &amp; T\u00e1rsai \u00dcgyv\u00e9di Iroda","article_publisher":"https:\/\/www.facebook.com\/mfpartnerslawfirm\/","article_modified_time":"2023-05-05T07:46:09+00:00","og_image":[{"width":200,"height":200,"url":"https:\/\/mfpartners.hu\/wp-content\/uploads\/2022\/04\/MFP_logo1_HU_kicsi.jpg","type":"image\/jpeg"}],"twitter_card":"summary_large_image","twitter_misc":{"Est. reading time":"6 minutes"},"schema":{"@context":"https:\/\/schema.org","@graph":[{"@type":"WebPage","@id":"https:\/\/mfpartners.hu\/en\/privacy-policy\/","url":"https:\/\/mfpartners.hu\/en\/privacy-policy\/","name":"Privacy Policy - Mar\u00e1czi, Fellegi &amp; T\u00e1rsai \u00dcgyv\u00e9di Iroda","isPartOf":{"@id":"https:\/\/mfpartners.hu\/#website"},"datePublished":"2021-08-17T17:09:30+00:00","dateModified":"2023-05-05T07:46:09+00:00","breadcrumb":{"@id":"https:\/\/mfpartners.hu\/en\/privacy-policy\/#breadcrumb"},"inLanguage":"en-US","potentialAction":[{"@type":"ReadAction","target":["https:\/\/mfpartners.hu\/en\/privacy-policy\/"]}]},{"@type":"BreadcrumbList","@id":"https:\/\/mfpartners.hu\/en\/privacy-policy\/#breadcrumb","itemListElement":[{"@type":"ListItem","position":1,"name":"Kezd\u0151lap","item":"https:\/\/mfpartners.hu\/en\/"},{"@type":"ListItem","position":2,"name":"Privacy Policy"}]},{"@type":"WebSite","@id":"https:\/\/mfpartners.hu\/#website","url":"https:\/\/mfpartners.hu\/","name":"Mar\u00e1czi, Fellegi &amp; T\u00e1rsai \u00dcgyv\u00e9di Iroda","description":"Irod\u00e1nk f\u0151 profilja a k\u00f6z\u00e9p- \u00e9s nagyv\u00e1llalkoz\u00e1sok r\u00e9sz\u00e9re ny\u00fajtott \u00fcgyv\u00e9di szolg\u00e1ltat\u00e1s.","publisher":{"@id":"https:\/\/mfpartners.hu\/#organization"},"potentialAction":[{"@type":"SearchAction","target":{"@type":"EntryPoint","urlTemplate":"https:\/\/mfpartners.hu\/?s={search_term_string}"},"query-input":{"@type":"PropertyValueSpecification","valueRequired":true,"valueName":"search_term_string"}}],"inLanguage":"en-US"},{"@type":"Organization","@id":"https:\/\/mfpartners.hu\/#organization","name":"Mar\u00e1czi, Fellegi & T\u00e1rsai \u00fcgyv\u00e9di iroda","url":"https:\/\/mfpartners.hu\/","logo":{"@type":"ImageObject","inLanguage":"en-US","@id":"https:\/\/mfpartners.hu\/#\/schema\/logo\/image\/","url":"https:\/\/mfpartners.hu\/wp-content\/uploads\/2021\/09\/logo-HU.png","contentUrl":"https:\/\/mfpartners.hu\/wp-content\/uploads\/2021\/09\/logo-HU.png","width":285,"height":62,"caption":"Mar\u00e1czi, Fellegi & T\u00e1rsai \u00fcgyv\u00e9di iroda"},"image":{"@id":"https:\/\/mfpartners.hu\/#\/schema\/logo\/image\/"},"sameAs":["https:\/\/www.facebook.com\/mfpartnerslawfirm\/"]}]}},"_links":{"self":[{"href":"https:\/\/mfpartners.hu\/en\/wp-json\/wp\/v2\/pages\/204","targetHints":{"allow":["GET"]}}],"collection":[{"href":"https:\/\/mfpartners.hu\/en\/wp-json\/wp\/v2\/pages"}],"about":[{"href":"https:\/\/mfpartners.hu\/en\/wp-json\/wp\/v2\/types\/page"}],"author":[{"embeddable":true,"href":"https:\/\/mfpartners.hu\/en\/wp-json\/wp\/v2\/users\/1"}],"replies":[{"embeddable":true,"href":"https:\/\/mfpartners.hu\/en\/wp-json\/wp\/v2\/comments?post=204"}],"version-history":[{"count":3,"href":"https:\/\/mfpartners.hu\/en\/wp-json\/wp\/v2\/pages\/204\/revisions"}],"predecessor-version":[{"id":1135,"href":"https:\/\/mfpartners.hu\/en\/wp-json\/wp\/v2\/pages\/204\/revisions\/1135"}],"wp:attachment":[{"href":"https:\/\/mfpartners.hu\/en\/wp-json\/wp\/v2\/media?parent=204"}],"curies":[{"name":"wp","href":"https:\/\/api.w.org\/{rel}","templated":true}]}}