{"id":202,"date":"2021-08-17T17:04:04","date_gmt":"2021-08-17T17:04:04","guid":{"rendered":"http:\/\/mkpartners.usernet.hu\/suti-tajekoztato\/"},"modified":"2022-03-30T13:24:22","modified_gmt":"2022-03-30T13:24:22","slug":"cookie-policy","status":"publish","type":"page","link":"https:\/\/mfpartners.hu\/en\/cookie-policy\/","title":{"rendered":"Cookie policy"},"content":{"rendered":"<p>This website (the \u201cSite\u201d) operated by Mar\u00e1czi, Fellegi and Partners Law Office (the \u201cController\u201d) uses cookies.<\/p>\n<h2><strong>What are cookies?<\/strong><\/h2>\n<p>When a visitor visits the Site, a small data file, known as a cookie, is placed on the visitor\u2019s computer by the Controller. These cookies are small text files which are used to make the Site work properly and to ensure its convenient use while also collecting statistical data.<\/p>\n<p>Some cookies are temporary and disappear when you close your browser, while other cookies are stored on your computer for a longer period of time.<\/p>\n<h2><strong>What types of cookies does our Site use?<\/strong><\/h2>\n<p><strong>Essential cookies <\/strong>(legal basis: legitimate interest; purpose of processing: to ensure the Site can be used; duration of processing: the duration indicated under the \u201cExpiration\u201d header under \u201cCookie description\u201d in the menu by clicking on the cookie icon in the bottom left corner of the Site.)<\/p>\n<p>Essential cookies help make our Site usable. For example, they enable essential features to function, such as site navigation and access to secure areas of the Site, and note your preferred language. The Site cannot function properly without these cookies.<\/p>\n<p><strong>Statistical cookies <\/strong>(legal basis: consent; purpose of processing: to collect information about visitors to the Site; duration of processing: until consent is withdrawn, but no later than the duration indicated under the \u201cExpiration\u201d header under \u201cCookie description\u201d in the menu by clicking on the cookie icon in the bottom left corner of the Site.)<\/p>\n<p>Statistical cookies help the Controller to understand how visitors interact with the Site. For instance, statistical cookies provide information about how much time visitors spend on the Site and which sub-pages they visit. Google Analytics uses statistical cookies to enable us to track visitors\u2019 behaviour on the Site.<\/p>\n<p>If you would like to know more about the actual cookies used, please click on the cookie icon in the bottom left corner of the Site and then click on \u201cCookie Description\u201d in the pop-up window. The duration of use of each cookie for data processing can be found here under the \u201cExpiration\u201d header. The duration is given in year\/years, day\/days, minute\/minutes, and second\/seconds, and the name and a description of each cookie appear under the respective headers.<\/p>\n<h2><strong>Which cookies placed by third parties does our Site use?<\/strong><\/h2>\n<p>The Controller places <strong>Google Analytics<\/strong> cookies from Google Inc. (1600 Amphitheatre Parkway Mountain View, CA 94043, USA) on the Site. This enables us to view statistics about our Site, such as counting the number of visitors. The collection of data generated by cookies and their use by Google can be blocked by downloading and installing the browser plugin at the following link (<a href=\"https:\/\/tools.google.com\/dlpage\/gaoptout?hl=en\">https:\/\/tools.google.com\/dlpage\/gaoptout?hl=en<\/a>). Detailed information on the terms of service and the privacy policy can be found here:<\/p>\n<p><a href=\"http:\/\/www.google.com\/analytics\/terms\/gb.html\">www.google.com\/analytics\/terms\/gb.html<\/a> or\u00a0<a href=\"https:\/\/policies.google.com\/privacy?hl=hu\">https:\/\/policies.google.com\/privacy?hl=hu<\/a><\/p>\n<h2><strong>How can cookie settings be changed?<\/strong><\/h2>\n<p>Please click on the cookie icon in the bottom left corner of the Site to change your cookie settings and your consent to the use of cookies.<\/p>\n<h2><strong>How can cookie settings be managed in browsers?<\/strong><\/h2>\n<p>You can set your browser to accept or reject cookies in general only with your consent. However, without cookies, your use of some areas of the Site may be limited or you may not be able to use them at all. You can set the use of cookies in the browsers below:<\/p>\n<ul>\n<li><a href=\"https:\/\/support.microsoft.com\/hu-hu\/help\/17442\/windows-internet-explorer-delete-manage-cookies\">Internet Explorer<\/a><\/li>\n<li><a href=\"https:\/\/support.mozilla.org\/hu\/kb\/weboldalak-altal-elhelyezett-sutik-torlese-szamito\">Firefox<\/a><\/li>\n<li><a href=\"https:\/\/support.google.com\/chrome\/answer\/95647?co=GENIE.Platform%3DDesktop&amp;hl=hu\/\">Google Chrome<\/a><\/li>\n<li><a href=\"https:\/\/support.apple.com\/hu-hu\/guide\/safari\/sfri11471\/mac\">Safari<\/a><\/li>\n<li><a href=\"https:\/\/support.microsoft.com\/hu-hu\/microsoft-edge\/cookie-k-t%C3%B6rl%C3%A9se-a-microsoft-edge-ben-63947406-40ac-c3b8-57b9-2a946a29ae09\">Microsoft Edge<\/a><\/li>\n<\/ul>\n<p>If you have further questions about cookies, please contact us (1119 Budapest, B\u00e1rtfai utca 34; iroda@mfpartners.eu; 06 (1) 371-1620).<\/p>\n","protected":false},"excerpt":{"rendered":"<p>This website (the \u201cSite\u201d) operated by Mar\u00e1czi, Fellegi and Partners Law Office (the \u201cController\u201d) uses cookies. What are cookies? When [&hellip;]<\/p>\n","protected":false},"author":1,"featured_media":0,"parent":0,"menu_order":0,"comment_status":"closed","ping_status":"closed","template":"template-parts\/page-text.php","meta":{"_acf_changed":false,"footnotes":""},"class_list":["post-202","page","type-page","status-publish","hentry"],"acf":[],"yoast_head":"<!-- This site is optimized with the Yoast SEO plugin v26.8 - https:\/\/yoast.com\/product\/yoast-seo-wordpress\/ -->\n<title>Cookie policy - Mar\u00e1czi, Fellegi &amp; T\u00e1rsai \u00dcgyv\u00e9di Iroda<\/title>\n<meta name=\"robots\" content=\"index, follow, max-snippet:-1, max-image-preview:large, max-video-preview:-1\" \/>\n<link rel=\"canonical\" href=\"https:\/\/mfpartners.hu\/en\/cookie-policy\/\" \/>\n<meta property=\"og:locale\" content=\"en_US\" \/>\n<meta property=\"og:type\" content=\"article\" \/>\n<meta property=\"og:title\" content=\"Cookie policy - Mar\u00e1czi, Fellegi &amp; T\u00e1rsai \u00dcgyv\u00e9di Iroda\" \/>\n<meta property=\"og:description\" content=\"This website (the \u201cSite\u201d) operated by Mar\u00e1czi, Fellegi and Partners Law Office (the \u201cController\u201d) uses cookies. What are cookies? When [&hellip;]\" \/>\n<meta property=\"og:url\" content=\"https:\/\/mfpartners.hu\/en\/cookie-policy\/\" \/>\n<meta property=\"og:site_name\" content=\"Mar\u00e1czi, Fellegi &amp; T\u00e1rsai \u00dcgyv\u00e9di Iroda\" \/>\n<meta property=\"article:publisher\" content=\"https:\/\/www.facebook.com\/mfpartnerslawfirm\/\" \/>\n<meta property=\"article:modified_time\" content=\"2022-03-30T13:24:22+00:00\" \/>\n<meta property=\"og:image\" content=\"https:\/\/mfpartners.hu\/wp-content\/uploads\/2022\/04\/MFP_logo1_HU_kicsi.jpg\" \/>\n\t<meta property=\"og:image:width\" content=\"200\" \/>\n\t<meta property=\"og:image:height\" content=\"200\" \/>\n\t<meta property=\"og:image:type\" content=\"image\/jpeg\" \/>\n<meta name=\"twitter:card\" content=\"summary_large_image\" \/>\n<meta name=\"twitter:label1\" content=\"Est. reading time\" \/>\n\t<meta name=\"twitter:data1\" content=\"3 minutes\" \/>\n<script type=\"application\/ld+json\" class=\"yoast-schema-graph\">{\"@context\":\"https:\/\/schema.org\",\"@graph\":[{\"@type\":\"WebPage\",\"@id\":\"https:\/\/mfpartners.hu\/en\/cookie-policy\/\",\"url\":\"https:\/\/mfpartners.hu\/en\/cookie-policy\/\",\"name\":\"Cookie policy - Mar\u00e1czi, Fellegi &amp; T\u00e1rsai \u00dcgyv\u00e9di Iroda\",\"isPartOf\":{\"@id\":\"https:\/\/mfpartners.hu\/#website\"},\"datePublished\":\"2021-08-17T17:04:04+00:00\",\"dateModified\":\"2022-03-30T13:24:22+00:00\",\"breadcrumb\":{\"@id\":\"https:\/\/mfpartners.hu\/en\/cookie-policy\/#breadcrumb\"},\"inLanguage\":\"en-US\",\"potentialAction\":[{\"@type\":\"ReadAction\",\"target\":[\"https:\/\/mfpartners.hu\/en\/cookie-policy\/\"]}]},{\"@type\":\"BreadcrumbList\",\"@id\":\"https:\/\/mfpartners.hu\/en\/cookie-policy\/#breadcrumb\",\"itemListElement\":[{\"@type\":\"ListItem\",\"position\":1,\"name\":\"Kezd\u0151lap\",\"item\":\"https:\/\/mfpartners.hu\/en\/\"},{\"@type\":\"ListItem\",\"position\":2,\"name\":\"Cookie policy\"}]},{\"@type\":\"WebSite\",\"@id\":\"https:\/\/mfpartners.hu\/#website\",\"url\":\"https:\/\/mfpartners.hu\/\",\"name\":\"Mar\u00e1czi, Fellegi &amp; T\u00e1rsai \u00dcgyv\u00e9di Iroda\",\"description\":\"Irod\u00e1nk f\u0151 profilja a k\u00f6z\u00e9p- \u00e9s nagyv\u00e1llalkoz\u00e1sok r\u00e9sz\u00e9re ny\u00fajtott \u00fcgyv\u00e9di szolg\u00e1ltat\u00e1s.\",\"publisher\":{\"@id\":\"https:\/\/mfpartners.hu\/#organization\"},\"potentialAction\":[{\"@type\":\"SearchAction\",\"target\":{\"@type\":\"EntryPoint\",\"urlTemplate\":\"https:\/\/mfpartners.hu\/?s={search_term_string}\"},\"query-input\":{\"@type\":\"PropertyValueSpecification\",\"valueRequired\":true,\"valueName\":\"search_term_string\"}}],\"inLanguage\":\"en-US\"},{\"@type\":\"Organization\",\"@id\":\"https:\/\/mfpartners.hu\/#organization\",\"name\":\"Mar\u00e1czi, Fellegi & T\u00e1rsai \u00fcgyv\u00e9di iroda\",\"url\":\"https:\/\/mfpartners.hu\/\",\"logo\":{\"@type\":\"ImageObject\",\"inLanguage\":\"en-US\",\"@id\":\"https:\/\/mfpartners.hu\/#\/schema\/logo\/image\/\",\"url\":\"https:\/\/mfpartners.hu\/wp-content\/uploads\/2021\/09\/logo-HU.png\",\"contentUrl\":\"https:\/\/mfpartners.hu\/wp-content\/uploads\/2021\/09\/logo-HU.png\",\"width\":285,\"height\":62,\"caption\":\"Mar\u00e1czi, Fellegi & T\u00e1rsai \u00fcgyv\u00e9di iroda\"},\"image\":{\"@id\":\"https:\/\/mfpartners.hu\/#\/schema\/logo\/image\/\"},\"sameAs\":[\"https:\/\/www.facebook.com\/mfpartnerslawfirm\/\"]}]}<\/script>\n<!-- \/ Yoast SEO plugin. -->","yoast_head_json":{"title":"Cookie policy - Mar\u00e1czi, Fellegi &amp; T\u00e1rsai \u00dcgyv\u00e9di Iroda","robots":{"index":"index","follow":"follow","max-snippet":"max-snippet:-1","max-image-preview":"max-image-preview:large","max-video-preview":"max-video-preview:-1"},"canonical":"https:\/\/mfpartners.hu\/en\/cookie-policy\/","og_locale":"en_US","og_type":"article","og_title":"Cookie policy - Mar\u00e1czi, Fellegi &amp; T\u00e1rsai \u00dcgyv\u00e9di Iroda","og_description":"This website (the \u201cSite\u201d) operated by Mar\u00e1czi, Fellegi and Partners Law Office (the \u201cController\u201d) uses cookies. What are cookies? When [&hellip;]","og_url":"https:\/\/mfpartners.hu\/en\/cookie-policy\/","og_site_name":"Mar\u00e1czi, Fellegi &amp; T\u00e1rsai \u00dcgyv\u00e9di Iroda","article_publisher":"https:\/\/www.facebook.com\/mfpartnerslawfirm\/","article_modified_time":"2022-03-30T13:24:22+00:00","og_image":[{"width":200,"height":200,"url":"https:\/\/mfpartners.hu\/wp-content\/uploads\/2022\/04\/MFP_logo1_HU_kicsi.jpg","type":"image\/jpeg"}],"twitter_card":"summary_large_image","twitter_misc":{"Est. reading time":"3 minutes"},"schema":{"@context":"https:\/\/schema.org","@graph":[{"@type":"WebPage","@id":"https:\/\/mfpartners.hu\/en\/cookie-policy\/","url":"https:\/\/mfpartners.hu\/en\/cookie-policy\/","name":"Cookie policy - Mar\u00e1czi, Fellegi &amp; T\u00e1rsai \u00dcgyv\u00e9di Iroda","isPartOf":{"@id":"https:\/\/mfpartners.hu\/#website"},"datePublished":"2021-08-17T17:04:04+00:00","dateModified":"2022-03-30T13:24:22+00:00","breadcrumb":{"@id":"https:\/\/mfpartners.hu\/en\/cookie-policy\/#breadcrumb"},"inLanguage":"en-US","potentialAction":[{"@type":"ReadAction","target":["https:\/\/mfpartners.hu\/en\/cookie-policy\/"]}]},{"@type":"BreadcrumbList","@id":"https:\/\/mfpartners.hu\/en\/cookie-policy\/#breadcrumb","itemListElement":[{"@type":"ListItem","position":1,"name":"Kezd\u0151lap","item":"https:\/\/mfpartners.hu\/en\/"},{"@type":"ListItem","position":2,"name":"Cookie policy"}]},{"@type":"WebSite","@id":"https:\/\/mfpartners.hu\/#website","url":"https:\/\/mfpartners.hu\/","name":"Mar\u00e1czi, Fellegi &amp; T\u00e1rsai \u00dcgyv\u00e9di Iroda","description":"Irod\u00e1nk f\u0151 profilja a k\u00f6z\u00e9p- \u00e9s nagyv\u00e1llalkoz\u00e1sok r\u00e9sz\u00e9re ny\u00fajtott \u00fcgyv\u00e9di szolg\u00e1ltat\u00e1s.","publisher":{"@id":"https:\/\/mfpartners.hu\/#organization"},"potentialAction":[{"@type":"SearchAction","target":{"@type":"EntryPoint","urlTemplate":"https:\/\/mfpartners.hu\/?s={search_term_string}"},"query-input":{"@type":"PropertyValueSpecification","valueRequired":true,"valueName":"search_term_string"}}],"inLanguage":"en-US"},{"@type":"Organization","@id":"https:\/\/mfpartners.hu\/#organization","name":"Mar\u00e1czi, Fellegi & T\u00e1rsai \u00fcgyv\u00e9di iroda","url":"https:\/\/mfpartners.hu\/","logo":{"@type":"ImageObject","inLanguage":"en-US","@id":"https:\/\/mfpartners.hu\/#\/schema\/logo\/image\/","url":"https:\/\/mfpartners.hu\/wp-content\/uploads\/2021\/09\/logo-HU.png","contentUrl":"https:\/\/mfpartners.hu\/wp-content\/uploads\/2021\/09\/logo-HU.png","width":285,"height":62,"caption":"Mar\u00e1czi, Fellegi & T\u00e1rsai \u00fcgyv\u00e9di iroda"},"image":{"@id":"https:\/\/mfpartners.hu\/#\/schema\/logo\/image\/"},"sameAs":["https:\/\/www.facebook.com\/mfpartnerslawfirm\/"]}]}},"_links":{"self":[{"href":"https:\/\/mfpartners.hu\/en\/wp-json\/wp\/v2\/pages\/202","targetHints":{"allow":["GET"]}}],"collection":[{"href":"https:\/\/mfpartners.hu\/en\/wp-json\/wp\/v2\/pages"}],"about":[{"href":"https:\/\/mfpartners.hu\/en\/wp-json\/wp\/v2\/types\/page"}],"author":[{"embeddable":true,"href":"https:\/\/mfpartners.hu\/en\/wp-json\/wp\/v2\/users\/1"}],"replies":[{"embeddable":true,"href":"https:\/\/mfpartners.hu\/en\/wp-json\/wp\/v2\/comments?post=202"}],"version-history":[{"count":7,"href":"https:\/\/mfpartners.hu\/en\/wp-json\/wp\/v2\/pages\/202\/revisions"}],"predecessor-version":[{"id":627,"href":"https:\/\/mfpartners.hu\/en\/wp-json\/wp\/v2\/pages\/202\/revisions\/627"}],"wp:attachment":[{"href":"https:\/\/mfpartners.hu\/en\/wp-json\/wp\/v2\/media?parent=202"}],"curies":[{"name":"wp","href":"https:\/\/api.w.org\/{rel}","templated":true}]}}